{"id":5127,"date":"2024-10-29T12:06:50","date_gmt":"2024-10-29T12:06:50","guid":{"rendered":"https:\/\/silenthome.com\/produto\/mocktails\/"},"modified":"2026-04-23T19:16:37","modified_gmt":"2026-04-23T18:16:37","slug":"mocktails","status":"publish","type":"product","link":"https:\/\/silenthome.com\/es\/producto\/mocktails\/","title":{"rendered":"C\u00f3cteles, Libro"},"content":{"rendered":"","protected":false},"excerpt":{"rendered":"<p><strong>Esta colecci\u00f3n de m\u00e1s de 75 irresistibles mocktails est\u00e1 cuidadosamente elaborada para ofrecer sabores incre\u00edbles a todos los paladares.<\/strong><\/p>\n<p>Los c\u00f3cteles viven y mueren s\u00f3lo por su sabor. Por eso este impresionante libro contiene m\u00e1s de 75 recetas sin alcohol que hacen hincapi\u00e9 en el sabor. Estas bebidas sorprendentes y refrescantes son perfectas para todos los invitados y ocasiones. Ideales para ni\u00f1os o para bebedores sin alcohol, estos mocktails ofrecen una experiencia exquisita para todos. Adem\u00e1s de ser mucho m\u00e1s interesantes de beber que los refrescos, tambi\u00e9n ofrecen una amplia gama de perfiles de sabor que hacen que el mundo de los c\u00f3cteles sea extremadamente din\u00e1mico. Pruebe estos c\u00f3cteles, descubra sus favoritos y convi\u00e9rtalos en parte de su rutina.<\/p>","protected":false},"featured_media":5206,"comment_status":"open","ping_status":"closed","template":"","meta":{"_acf_changed":false},"product_brand":[],"product_cat":[113],"product_tag":[],"class_list":{"0":"post-5127","1":"product","2":"type-product","3":"status-publish","4":"has-post-thumbnail","6":"product_cat-livros","8":"first","9":"instock","10":"taxable","11":"shipping-taxable","12":"purchasable","13":"product-type-simple"},"acf":[],"aioseo_notices":[],"_links":{"self":[{"href":"https:\/\/silenthome.com\/es\/wp-json\/wp\/v2\/product\/5127","targetHints":{"allow":["GET"]}}],"collection":[{"href":"https:\/\/silenthome.com\/es\/wp-json\/wp\/v2\/product"}],"about":[{"href":"https:\/\/silenthome.com\/es\/wp-json\/wp\/v2\/types\/product"}],"replies":[{"embeddable":true,"href":"https:\/\/silenthome.com\/es\/wp-json\/wp\/v2\/comments?post=5127"}],"wp:featuredmedia":[{"embeddable":true,"href":"https:\/\/silenthome.com\/es\/wp-json\/wp\/v2\/media\/5206"}],"wp:attachment":[{"href":"https:\/\/silenthome.com\/es\/wp-json\/wp\/v2\/media?parent=5127"}],"wp:term":[{"taxonomy":"product_brand","embeddable":true,"href":"https:\/\/silenthome.com\/es\/wp-json\/wp\/v2\/product_brand?post=5127"},{"taxonomy":"product_cat","embeddable":true,"href":"https:\/\/silenthome.com\/es\/wp-json\/wp\/v2\/product_cat?post=5127"},{"taxonomy":"product_tag","embeddable":true,"href":"https:\/\/silenthome.com\/es\/wp-json\/wp\/v2\/product_tag?post=5127"}],"curies":[{"name":"wp","href":"https:\/\/api.w.org\/{rel}","templated":true}]}}