{"id":5126,"date":"2024-10-29T12:06:50","date_gmt":"2024-10-29T12:06:50","guid":{"rendered":"https:\/\/silenthome.com\/produto\/rose-cocktails\/"},"modified":"2026-04-23T19:16:36","modified_gmt":"2026-04-23T18:16:36","slug":"rose-cocktails","status":"publish","type":"product","link":"https:\/\/silenthome.com\/es\/producto\/rose-cocktails\/","title":{"rendered":"C\u00f3cteles rosados, Libro"},"content":{"rendered":"","protected":false},"excerpt":{"rendered":"<p><strong>Con una elegante tapa dura rosa con papel de aluminio, Ros\u00e9 Cocktails es una sugerente colecci\u00f3n de m\u00e1s de 60 recetas de c\u00f3cteles rosados, \u00a1perfecta para cualquier ocasi\u00f3n durante todo el a\u00f1o!<\/strong><\/p>\n<p>Siempre es temporada de rosado. Y este vino rosado agradablemente dulce es una base exquisitamente perfecta para los c\u00f3cteles. Con m\u00e1s de 40 fotos impresionantes, Ros\u00e9 Cocktails presenta m\u00e1s de 60 recetas de c\u00f3cteles artesanales elaborados con el popular vino de tinte rosado, como:<\/p>\n<p>Sangr\u00eda de tequila con vino rosado<br \/>\nMargaritas rosadas espumosas<br \/>\nFros\u00e9 de pomelo (tambi\u00e9n conocido como ros\u00e9 helado)<br \/>\nPonche rosado con lim\u00f3n y lavanda<br \/>\nY muchos, muchos m\u00e1s.<br \/>\nAdem\u00e1s, recetas f\u00e1ciles de ingredientes para c\u00f3cteles artesanales, desde siropes hasta guarniciones. El barman Emanuele Mensah nos cuenta la fascinante historia del vino rosado, que lo convertir\u00e1 en un elemento esencial en el bar de casa. El autor, Emanuele Mensah, es un mix\u00f3logo, gerente de bar, fot\u00f3grafo y vide\u00f3grafo afincado en Londres. Ha trabajado en algunas de las mejores cocteler\u00edas del mundo, como Disrepute en Londres y Eau-de-Vie en Sydney y Londres, y fue nombrado uno de los 100 mejores barmans del mundo por Diageo Reserve.<\/p>","protected":false},"featured_media":5201,"comment_status":"open","ping_status":"closed","template":"","meta":{"_acf_changed":false},"product_brand":[],"product_cat":[113],"product_tag":[],"class_list":{"0":"post-5126","1":"product","2":"type-product","3":"status-publish","4":"has-post-thumbnail","6":"product_cat-livros","8":"first","9":"instock","10":"taxable","11":"shipping-taxable","12":"purchasable","13":"product-type-simple"},"acf":[],"aioseo_notices":[],"_links":{"self":[{"href":"https:\/\/silenthome.com\/es\/wp-json\/wp\/v2\/product\/5126","targetHints":{"allow":["GET"]}}],"collection":[{"href":"https:\/\/silenthome.com\/es\/wp-json\/wp\/v2\/product"}],"about":[{"href":"https:\/\/silenthome.com\/es\/wp-json\/wp\/v2\/types\/product"}],"replies":[{"embeddable":true,"href":"https:\/\/silenthome.com\/es\/wp-json\/wp\/v2\/comments?post=5126"}],"wp:featuredmedia":[{"embeddable":true,"href":"https:\/\/silenthome.com\/es\/wp-json\/wp\/v2\/media\/5201"}],"wp:attachment":[{"href":"https:\/\/silenthome.com\/es\/wp-json\/wp\/v2\/media?parent=5126"}],"wp:term":[{"taxonomy":"product_brand","embeddable":true,"href":"https:\/\/silenthome.com\/es\/wp-json\/wp\/v2\/product_brand?post=5126"},{"taxonomy":"product_cat","embeddable":true,"href":"https:\/\/silenthome.com\/es\/wp-json\/wp\/v2\/product_cat?post=5126"},{"taxonomy":"product_tag","embeddable":true,"href":"https:\/\/silenthome.com\/es\/wp-json\/wp\/v2\/product_tag?post=5126"}],"curies":[{"name":"wp","href":"https:\/\/api.w.org\/{rel}","templated":true}]}}