{"id":5124,"date":"2024-10-29T12:06:49","date_gmt":"2024-10-29T12:06:49","guid":{"rendered":"https:\/\/silenthome.com\/produto\/50-ultimate-sports-cars-40th-edt\/"},"modified":"2026-04-23T19:22:28","modified_gmt":"2026-04-23T18:22:28","slug":"50-ultimate-sports-cars-40th-edt","status":"publish","type":"product","link":"https:\/\/silenthome.com\/es\/producto\/50-ultimate-sports-cars-40th-edt\/","title":{"rendered":"50 coches deportivos definitivos. 40\u00aa Edici\u00f3n, Libro"},"content":{"rendered":"","protected":false},"excerpt":{"rendered":"<p>Para el coleccionista de coches avezado o el novato impresionado, este volumen es la antolog\u00eda consumada del autom\u00f3vil deportivo. Este libro, que re\u00fane los 50 deportivos m\u00e1s exquisitos, deseados y adrenal\u00ednicos de todos los tiempos, narra los fascinantes esfuerzos de dise\u00f1o e ingenier\u00eda automovil\u00edstica en busca del rendimiento din\u00e1mico ideal para la carretera y el circuito. <strong>Esta recopilaci\u00f3n de gloriosos biplazas de alta velocidad incluye tanto modelos deportivos de competici\u00f3n como sus hermanos homologados para la calle.<\/strong>. De hecho, algunos de los coches m\u00e1s deseados por los coleccionistas pertenecen a la gloriosa \u00e9poca dorada de las carreras de coches deportivos, que se prolong\u00f3 hasta finales de los a\u00f1os sesenta. Por aquel entonces, los caballeros privados conduc\u00edan sus coches hasta un evento de competici\u00f3n, como las famosas 24 Horas de Le Mans, compet\u00edan vorazmente -pudiendo ganar su clase o incluso la carrera- y luego volv\u00edan a casa tranquilamente con su veh\u00edculo.<br \/>\nCon los 50 deportivos m\u00e1s codiciados de todos los tiempos, desde el Stutz Model A Bear Cat de 1912 y el Alfa Romeo 8C 2900B MM Spider de 1938 hasta el Mercedes-Benz 300 SLR \"Uhlenhaut Coup\u00e9\" de 1955 -el coche m\u00e1s caro del mundo- y el Ferrari 250 GTO Serie II de 1962\/64, este espectacular volumen es un tesoro de la automoci\u00f3n. Cada modelo legendario se presenta con lujosos desplegables, completados con impresionantes im\u00e1genes tomadas por los mejores fot\u00f3grafos de coches del mundo, junto con raras joyas de archivo, desde fotos originales de f\u00e1brica hasta carteles de famosos eventos automovil\u00edsticos. Cada entrada va acompa\u00f1ada de textos descriptivos y especificaciones especializadas, basadas en la experiencia transatl\u00e1ntica y los conocimientos de los autores.<\/p>","protected":false},"featured_media":5210,"comment_status":"open","ping_status":"closed","template":"","meta":{"_acf_changed":false},"product_brand":[],"product_cat":[113],"product_tag":[],"class_list":{"0":"post-5124","1":"product","2":"type-product","3":"status-publish","4":"has-post-thumbnail","6":"product_cat-livros","8":"first","9":"instock","10":"taxable","11":"shipping-taxable","12":"purchasable","13":"product-type-simple"},"acf":[],"aioseo_notices":[],"_links":{"self":[{"href":"https:\/\/silenthome.com\/es\/wp-json\/wp\/v2\/product\/5124","targetHints":{"allow":["GET"]}}],"collection":[{"href":"https:\/\/silenthome.com\/es\/wp-json\/wp\/v2\/product"}],"about":[{"href":"https:\/\/silenthome.com\/es\/wp-json\/wp\/v2\/types\/product"}],"replies":[{"embeddable":true,"href":"https:\/\/silenthome.com\/es\/wp-json\/wp\/v2\/comments?post=5124"}],"wp:featuredmedia":[{"embeddable":true,"href":"https:\/\/silenthome.com\/es\/wp-json\/wp\/v2\/media\/5210"}],"wp:attachment":[{"href":"https:\/\/silenthome.com\/es\/wp-json\/wp\/v2\/media?parent=5124"}],"wp:term":[{"taxonomy":"product_brand","embeddable":true,"href":"https:\/\/silenthome.com\/es\/wp-json\/wp\/v2\/product_brand?post=5124"},{"taxonomy":"product_cat","embeddable":true,"href":"https:\/\/silenthome.com\/es\/wp-json\/wp\/v2\/product_cat?post=5124"},{"taxonomy":"product_tag","embeddable":true,"href":"https:\/\/silenthome.com\/es\/wp-json\/wp\/v2\/product_tag?post=5124"}],"curies":[{"name":"wp","href":"https:\/\/api.w.org\/{rel}","templated":true}]}}