{"id":5122,"date":"2024-10-29T12:06:48","date_gmt":"2024-10-29T12:06:48","guid":{"rendered":"https:\/\/silenthome.com\/produto\/mondrian-basic-art-series\/"},"modified":"2026-04-23T19:16:42","modified_gmt":"2026-04-23T18:16:42","slug":"mondrian-basic-art-series","status":"publish","type":"product","link":"https:\/\/silenthome.com\/es\/producto\/mondrian-basic-art-series\/","title":{"rendered":"Mondrian - Serie B\u00e1sica de Arte, Libro"},"content":{"rendered":"","protected":false},"excerpt":{"rendered":"<p>Figura clave de la vanguardia internacional, Piet Mondrian (1872-1944) fue tanto un pintor extraordinario como uno de los principales te\u00f3ricos del arte, cuya influencia resuena hasta nuestros d\u00edas. Acu\u00f1ando el t\u00e9rmino \"neoplasticismo\", busc\u00f3 un estilo pict\u00f3rico compuesto \u00fanicamente por colores primarios sobre una cuadr\u00edcula de l\u00edneas negras verticales y horizontales sobre fondo blanco.<\/p>\n<p>La visi\u00f3n de Mondrian era que esta pintura esencial ayudar\u00eda a conseguir una sociedad en la que el arte, como tal, no tuviera cabida, sino que existiera para la realizaci\u00f3n total de la \"belleza\". Con estancias en \u00c1msterdam, Par\u00eds, Londres y Nueva York, Mondrian se inspir\u00f3 en la metr\u00f3polis moderna y en la m\u00fasica moderna, especialmente el jazz. En 1917 cofund\u00f3 De Stijl, inicialmente una publicaci\u00f3n y m\u00e1s tarde un c\u00edrculo de practicantes comprometidos con un arte estrictamente geom\u00e9trico de horizontales y verticales.<\/p>\n<p><strong>Con obras clave y textos sucintos, este libro introductorio presenta la obra distintiva y pionera de Mondrian, fuente imperecedera de inspiraci\u00f3n para la moda, el arte, la arquitectura y el dise\u00f1o, desde las portadas de los discos de White Stripes hasta los vestidos de Yves Saint Laurent.<\/strong><\/p>","protected":false},"featured_media":5221,"comment_status":"open","ping_status":"closed","template":"","meta":{"_acf_changed":false},"product_brand":[],"product_cat":[113],"product_tag":[],"class_list":{"0":"post-5122","1":"product","2":"type-product","3":"status-publish","4":"has-post-thumbnail","6":"product_cat-livros","8":"first","9":"instock","10":"taxable","11":"shipping-taxable","12":"purchasable","13":"product-type-simple"},"acf":[],"aioseo_notices":[],"_links":{"self":[{"href":"https:\/\/silenthome.com\/es\/wp-json\/wp\/v2\/product\/5122","targetHints":{"allow":["GET"]}}],"collection":[{"href":"https:\/\/silenthome.com\/es\/wp-json\/wp\/v2\/product"}],"about":[{"href":"https:\/\/silenthome.com\/es\/wp-json\/wp\/v2\/types\/product"}],"replies":[{"embeddable":true,"href":"https:\/\/silenthome.com\/es\/wp-json\/wp\/v2\/comments?post=5122"}],"wp:featuredmedia":[{"embeddable":true,"href":"https:\/\/silenthome.com\/es\/wp-json\/wp\/v2\/media\/5221"}],"wp:attachment":[{"href":"https:\/\/silenthome.com\/es\/wp-json\/wp\/v2\/media?parent=5122"}],"wp:term":[{"taxonomy":"product_brand","embeddable":true,"href":"https:\/\/silenthome.com\/es\/wp-json\/wp\/v2\/product_brand?post=5122"},{"taxonomy":"product_cat","embeddable":true,"href":"https:\/\/silenthome.com\/es\/wp-json\/wp\/v2\/product_cat?post=5122"},{"taxonomy":"product_tag","embeddable":true,"href":"https:\/\/silenthome.com\/es\/wp-json\/wp\/v2\/product_tag?post=5122"}],"curies":[{"name":"wp","href":"https:\/\/api.w.org\/{rel}","templated":true}]}}