{"id":5121,"date":"2024-10-29T12:06:48","date_gmt":"2024-10-29T12:06:48","guid":{"rendered":"https:\/\/silenthome.com\/produto\/hokusai-basic-art-series\/"},"modified":"2026-04-23T19:16:41","modified_gmt":"2026-04-23T18:16:41","slug":"hokusai-basic-art-series","status":"publish","type":"product","link":"https:\/\/silenthome.com\/es\/producto\/hokusai-basic-art-series\/","title":{"rendered":"Hokusai - Serie B\u00e1sica de Arte, Libro"},"content":{"rendered":"","protected":false},"excerpt":{"rendered":"<p>Conozca al artista cuya majestuosa ola caus\u00f3 sensaci\u00f3n en todo el mundo. Hokusai, maestro de la pintura y el grabado, no es s\u00f3lo uno de los gigantes del arte japon\u00e9s, sino una figura paterna del modernismo occidental, que inspir\u00f3 una nueva noci\u00f3n del espacio a artistas como Monet, Morisot, Cassatt y Klimt. <strong>Abarcando libros er\u00f3ticos, novelas hist\u00f3ricas y grabados de \u00e1lbumes, esta introducci\u00f3n traza la amplitud de la vasta cartera de Hokusai.<\/strong><\/p>","protected":false},"featured_media":5216,"comment_status":"open","ping_status":"closed","template":"","meta":{"_acf_changed":false},"product_brand":[],"product_cat":[113],"product_tag":[],"class_list":{"0":"post-5121","1":"product","2":"type-product","3":"status-publish","4":"has-post-thumbnail","6":"product_cat-livros","8":"first","9":"instock","10":"taxable","11":"shipping-taxable","12":"purchasable","13":"product-type-simple"},"acf":[],"aioseo_notices":[],"_links":{"self":[{"href":"https:\/\/silenthome.com\/es\/wp-json\/wp\/v2\/product\/5121","targetHints":{"allow":["GET"]}}],"collection":[{"href":"https:\/\/silenthome.com\/es\/wp-json\/wp\/v2\/product"}],"about":[{"href":"https:\/\/silenthome.com\/es\/wp-json\/wp\/v2\/types\/product"}],"replies":[{"embeddable":true,"href":"https:\/\/silenthome.com\/es\/wp-json\/wp\/v2\/comments?post=5121"}],"wp:featuredmedia":[{"embeddable":true,"href":"https:\/\/silenthome.com\/es\/wp-json\/wp\/v2\/media\/5216"}],"wp:attachment":[{"href":"https:\/\/silenthome.com\/es\/wp-json\/wp\/v2\/media?parent=5121"}],"wp:term":[{"taxonomy":"product_brand","embeddable":true,"href":"https:\/\/silenthome.com\/es\/wp-json\/wp\/v2\/product_brand?post=5121"},{"taxonomy":"product_cat","embeddable":true,"href":"https:\/\/silenthome.com\/es\/wp-json\/wp\/v2\/product_cat?post=5121"},{"taxonomy":"product_tag","embeddable":true,"href":"https:\/\/silenthome.com\/es\/wp-json\/wp\/v2\/product_tag?post=5121"}],"curies":[{"name":"wp","href":"https:\/\/api.w.org\/{rel}","templated":true}]}}