{"id":5118,"date":"2024-10-29T12:06:47","date_gmt":"2024-10-29T12:06:47","guid":{"rendered":"https:\/\/silenthome.com\/produto\/kahlo-basic-art-series\/"},"modified":"2026-04-23T19:16:43","modified_gmt":"2026-04-23T18:16:43","slug":"kahlo-basic-art-series","status":"publish","type":"product","link":"https:\/\/silenthome.com\/es\/producto\/kahlo-basic-art-series\/","title":{"rendered":"Kahlo - Serie B\u00e1sica de Arte, Libro"},"content":{"rendered":"","protected":false},"excerpt":{"rendered":"<p>Dolor y pasi\u00f3n.<br \/>\nEl arte original e \u00edntimo del pintor m\u00e1s famoso de M\u00e9xico.<br \/>\nLas impactantes im\u00e1genes de Frida Kahlo (1907-1954) fueron, en muchos sentidos, expresiones de un trauma. Tras un accidente de coche casi mortal a los 18 a\u00f1os, problemas de salud, un matrimonio turbulento, abortos espont\u00e1neos y falta de hijos, transform\u00f3 sus aflicciones en arte revolucionario. En autorretratos literales o metaf\u00f3ricos, Kahlo se dirige al espectador con una mirada audaz, rechazando su destino de v\u00edctima pasiva y entretejiendo expresiones de su experiencia en un lenguaje h\u00edbrido surrealista-real de la vida: cabellos, ra\u00edces, venas, vides, tent\u00e1culos y trompas de Falopio.<\/p>\n<p>Muchas de sus obras tambi\u00e9n exploran los ideales pol\u00edticos comunistas que Kahlo compart\u00eda con su marido Diego Rivera. La artista describi\u00f3 sus cuadros como \"lo m\u00e1s sincero y real que pod\u00eda hacer para expresar lo que sent\u00eda dentro y fuera de m\u00ed\". <strong>Este libro presenta una extraordinaria selecci\u00f3n de obras de Kahlo que exploran su inflexible determinaci\u00f3n como artista, su importancia como pintora, icono feminista y pionera de la cultura latinoamericana.<\/strong><\/p>","protected":false},"featured_media":5228,"comment_status":"open","ping_status":"closed","template":"","meta":{"_acf_changed":false},"product_brand":[],"product_cat":[113],"product_tag":[],"class_list":{"0":"post-5118","1":"product","2":"type-product","3":"status-publish","4":"has-post-thumbnail","6":"product_cat-livros","8":"first","9":"instock","10":"taxable","11":"shipping-taxable","12":"purchasable","13":"product-type-simple"},"acf":[],"aioseo_notices":[],"_links":{"self":[{"href":"https:\/\/silenthome.com\/es\/wp-json\/wp\/v2\/product\/5118","targetHints":{"allow":["GET"]}}],"collection":[{"href":"https:\/\/silenthome.com\/es\/wp-json\/wp\/v2\/product"}],"about":[{"href":"https:\/\/silenthome.com\/es\/wp-json\/wp\/v2\/types\/product"}],"replies":[{"embeddable":true,"href":"https:\/\/silenthome.com\/es\/wp-json\/wp\/v2\/comments?post=5118"}],"wp:featuredmedia":[{"embeddable":true,"href":"https:\/\/silenthome.com\/es\/wp-json\/wp\/v2\/media\/5228"}],"wp:attachment":[{"href":"https:\/\/silenthome.com\/es\/wp-json\/wp\/v2\/media?parent=5118"}],"wp:term":[{"taxonomy":"product_brand","embeddable":true,"href":"https:\/\/silenthome.com\/es\/wp-json\/wp\/v2\/product_brand?post=5118"},{"taxonomy":"product_cat","embeddable":true,"href":"https:\/\/silenthome.com\/es\/wp-json\/wp\/v2\/product_cat?post=5118"},{"taxonomy":"product_tag","embeddable":true,"href":"https:\/\/silenthome.com\/es\/wp-json\/wp\/v2\/product_tag?post=5118"}],"curies":[{"name":"wp","href":"https:\/\/api.w.org\/{rel}","templated":true}]}}