{"id":5117,"date":"2024-10-29T12:06:46","date_gmt":"2024-10-29T12:06:46","guid":{"rendered":"https:\/\/silenthome.com\/produto\/bacon-basic-art-series\/"},"modified":"2026-04-23T19:16:46","modified_gmt":"2026-04-23T18:16:46","slug":"bacon-basic-art-series","status":"publish","type":"product","link":"https:\/\/silenthome.com\/es\/producto\/bacon-basic-art-series\/","title":{"rendered":"Bacon - Serie B\u00e1sica de Arte, Libro"},"content":{"rendered":"","protected":false},"excerpt":{"rendered":"<p>El cuerpo humano que sufre<\/p>\n<p>Artista en gran medida autodidacta, Francis Bacon (1909-1992) desarroll\u00f3 una capacidad \u00fanica para transformar impulsos internos e inconscientes en formas figurativas y composiciones intensamente claustrof\u00f3bicas. Destac\u00f3 en el periodo posterior a la Segunda Guerra Mundial, <strong>Bacon tom\u00f3 el cuerpo humano como tema nominal, pero un tema devastado, distorsionado y desmembrado de tal manera que se contorsionaba con su intenso contenido emocional.<\/strong> Sus cautivadores retratos, a menudo grotescos, con extremidades agitadas, huecos y tumbas, son tanto reflexiones sobre las pruebas y traumas de la condici\u00f3n humana como estudios de car\u00e1cter. Estas formas inquietantes fueron tambi\u00e9n de las primeras en la historia del arte en representar temas abiertamente homosexuales.<\/p>\n<p><strong>\"Me gustar\u00eda que mis im\u00e1genes parecieran como si un ser humano hubiera pasado entre ellas, como un caracol, dejando un rastro de presencia humana y el recuerdo de acontecimientos pasados\". - Francis Bacon<\/strong><\/p>","protected":false},"featured_media":5231,"comment_status":"open","ping_status":"closed","template":"","meta":{"_acf_changed":false},"product_brand":[],"product_cat":[113],"product_tag":[],"class_list":{"0":"post-5117","1":"product","2":"type-product","3":"status-publish","4":"has-post-thumbnail","6":"product_cat-livros","8":"first","9":"instock","10":"taxable","11":"shipping-taxable","12":"purchasable","13":"product-type-simple"},"acf":[],"aioseo_notices":[],"_links":{"self":[{"href":"https:\/\/silenthome.com\/es\/wp-json\/wp\/v2\/product\/5117","targetHints":{"allow":["GET"]}}],"collection":[{"href":"https:\/\/silenthome.com\/es\/wp-json\/wp\/v2\/product"}],"about":[{"href":"https:\/\/silenthome.com\/es\/wp-json\/wp\/v2\/types\/product"}],"replies":[{"embeddable":true,"href":"https:\/\/silenthome.com\/es\/wp-json\/wp\/v2\/comments?post=5117"}],"wp:featuredmedia":[{"embeddable":true,"href":"https:\/\/silenthome.com\/es\/wp-json\/wp\/v2\/media\/5231"}],"wp:attachment":[{"href":"https:\/\/silenthome.com\/es\/wp-json\/wp\/v2\/media?parent=5117"}],"wp:term":[{"taxonomy":"product_brand","embeddable":true,"href":"https:\/\/silenthome.com\/es\/wp-json\/wp\/v2\/product_brand?post=5117"},{"taxonomy":"product_cat","embeddable":true,"href":"https:\/\/silenthome.com\/es\/wp-json\/wp\/v2\/product_cat?post=5117"},{"taxonomy":"product_tag","embeddable":true,"href":"https:\/\/silenthome.com\/es\/wp-json\/wp\/v2\/product_tag?post=5117"}],"curies":[{"name":"wp","href":"https:\/\/api.w.org\/{rel}","templated":true}]}}