{"id":5116,"date":"2024-10-29T12:06:46","date_gmt":"2024-10-29T12:06:46","guid":{"rendered":"https:\/\/silenthome.com\/produto\/ai-weiwei-40th-edt\/"},"modified":"2026-04-23T19:16:45","modified_gmt":"2026-04-23T18:16:45","slug":"ai-weiwei-40th-edt","status":"publish","type":"product","link":"https:\/\/silenthome.com\/es\/producto\/ai-weiwei-40th-edt\/","title":{"rendered":"Ai Weiwei 40 Edici\u00f3n, Libro"},"content":{"rendered":"","protected":false},"excerpt":{"rendered":"<p>Mientras sus circunstancias personales se mueven en constante cambio, Ai Weiwei sigue siendo un im\u00e1n cultural. Reconocido por su activismo pol\u00edtico y su actividad en las redes sociales casi tanto como por sus intervenciones sociales, su enfoque contempor\u00e1neo del ready-made y su conocimiento de la artesan\u00eda tradicional china, la fama de Ai se extiende por todo el mundo del arte y m\u00e1s all\u00e1.<\/p>\n<p>Extra\u00edda de la edici\u00f3n limitada para coleccionistas de TASCHEN, esta monograf\u00eda explora cada una de las etapas de la carrera de Ai hasta su liberaci\u00f3n de la custodia china. Este libro presenta un amplio material visual que permite seguir la evoluci\u00f3n de Ai desde sus primeros d\u00edas en Nueva York hasta su pr\u00e1ctica m\u00e1s reciente. Los momentos m\u00e1s destacados incluyen su gran avance internacional a principios de la d\u00e9cada de 2000, sus semillas de girasol de porcelana en la Sala de Turbinas de la Tate Modern, su respuesta al terremoto de Sichuan de 2008 y su detenci\u00f3n por la polic\u00eda en 2011. Con fotos de estudio entre bastidores, im\u00e1genes de producci\u00f3n y numerosas declaraciones derivadas de entrevistas exclusivas con Ai, tenemos un acceso privilegiado al proceso, las influencias y la importancia del artista.<\/p>\n<p><strong>El libro incluye textos de Uli Sigg, amigo de larga data de Ai y antiguo embajador suizo en China, y Roger M. Buergel, comisario de la documenta de 2007, que present\u00f3 la obra Fairytale del artista.<\/strong><\/p>\n<p>El artista: Nacido en Pek\u00edn en 1957, Ai Weiwei es conocido por hacer fuertes declaraciones est\u00e9ticas que resuenan en el mundo geopol\u00edtico actual. Desde la arquitectura a la escultura y las instalaciones, pasando por las redes sociales y los documentales, utiliza una amplia gama de medios para examinar art\u00edsticamente la sociedad y sus valores. Ha recibido el Premio Embajador de Conciencia 2015 de Amnist\u00eda Internacional y el Premio V\u00e1clav Havel a la Disidencia Creativa 2012 de la Fundaci\u00f3n de Derechos Humanos. El primer largometraje documental de Ai, Human Flow, se estren\u00f3 en el 74\u00ba Festival de Cine de Venecia en competici\u00f3n. Actualmente vive y trabaja en Cambridge y Berl\u00edn.<\/p>\n<p>El editor: Hans Werner Holzwarth es dise\u00f1ador y editor de libros especializado en arte contempor\u00e1neo y fotograf\u00eda. Sus publicaciones en TASCHEN incluyen ediciones de coleccionista de Jeff Koons, Christopher Wool, Albert Oehlen, Ai Weiwei, y el SUMO A Bigger Book de David Hockney, as\u00ed como monograf\u00edas como Jean-Michel Basquiat en tama\u00f1o XXL y libros de estudio como Modern Art y Art Now! Vols 3 y 4.<\/p>\n<p>Acerca de la serie: \u00a1TASCHEN celebra este a\u00f1o su 40 aniversario! Desde que comenzamos nuestro trabajo como arque\u00f3logos culturales en 1980, TASCHEN se ha convertido en sin\u00f3nimo de publicaci\u00f3n asequible, ayudando a los amantes de los libros de todo el mundo a comisariar su propia biblioteca de arte, antropolog\u00eda y er\u00f3tica a un precio inmejorable. En 2020, celebramos 40 a\u00f1os de libros incre\u00edbles, manteni\u00e9ndonos fieles al credo de nuestra empresa. La serie 40 presenta nuevas ediciones de algunas de las estrellas de nuestro programa, ahora m\u00e1s compactas y asequibles, pero con el mismo compromiso de producci\u00f3n impecable.<\/p>","protected":false},"featured_media":5234,"comment_status":"open","ping_status":"closed","template":"","meta":{"_acf_changed":false},"product_brand":[],"product_cat":[113],"product_tag":[],"class_list":{"0":"post-5116","1":"product","2":"type-product","3":"status-publish","4":"has-post-thumbnail","6":"product_cat-livros","8":"first","9":"instock","10":"taxable","11":"shipping-taxable","12":"purchasable","13":"product-type-simple"},"acf":[],"aioseo_notices":[],"_links":{"self":[{"href":"https:\/\/silenthome.com\/es\/wp-json\/wp\/v2\/product\/5116","targetHints":{"allow":["GET"]}}],"collection":[{"href":"https:\/\/silenthome.com\/es\/wp-json\/wp\/v2\/product"}],"about":[{"href":"https:\/\/silenthome.com\/es\/wp-json\/wp\/v2\/types\/product"}],"replies":[{"embeddable":true,"href":"https:\/\/silenthome.com\/es\/wp-json\/wp\/v2\/comments?post=5116"}],"wp:featuredmedia":[{"embeddable":true,"href":"https:\/\/silenthome.com\/es\/wp-json\/wp\/v2\/media\/5234"}],"wp:attachment":[{"href":"https:\/\/silenthome.com\/es\/wp-json\/wp\/v2\/media?parent=5116"}],"wp:term":[{"taxonomy":"product_brand","embeddable":true,"href":"https:\/\/silenthome.com\/es\/wp-json\/wp\/v2\/product_brand?post=5116"},{"taxonomy":"product_cat","embeddable":true,"href":"https:\/\/silenthome.com\/es\/wp-json\/wp\/v2\/product_cat?post=5116"},{"taxonomy":"product_tag","embeddable":true,"href":"https:\/\/silenthome.com\/es\/wp-json\/wp\/v2\/product_tag?post=5116"}],"curies":[{"name":"wp","href":"https:\/\/api.w.org\/{rel}","templated":true}]}}