{"id":5115,"date":"2024-10-29T12:06:45","date_gmt":"2024-10-29T12:06:45","guid":{"rendered":"https:\/\/silenthome.com\/produto\/yves-klein-basic-art-series\/"},"modified":"2026-04-23T19:16:48","modified_gmt":"2026-04-23T18:16:48","slug":"yves-klein-basic-art-series","status":"publish","type":"product","link":"https:\/\/silenthome.com\/es\/producto\/yves-klein-basic-art-series\/","title":{"rendered":"Yves Klein - Basic Art Series, Libro"},"content":{"rendered":"","protected":false},"excerpt":{"rendered":"<p>El azul de Yves Klein, el artista que domin\u00f3 el extranjero.<\/p>\n<p>A mediados de la d\u00e9cada de 1950, Yves Klein (1928-1962) declar\u00f3 que \"un mundo nuevo exige un hombre nuevo\". Con su estilo idiosincr\u00e1sico y su enorme carisma, este atrevido artista tuvo una carrera breve pero abundante, produciendo m\u00e1s de 1.000 cuadros en siete a\u00f1os, en una obra que hoy se considera un hito del modernismo de posguerra.<\/p>\n<p>Klein destac\u00f3 sobre todo por sus grandes lienzos monocromos en su propio tono patentado de azul. El Azul Klein Internacional (IKB), compuesto de pigmento puro y aglutinante, es a la vez rico y luminoso, evocador y decorativo, y fue concebido por Klein como una forma de evocar la inmaterialidad y la infinitud del mundo. Las obras de esta \"Revoluci\u00f3n azul\" parecen arrastrarnos a otra dimensi\u00f3n, como hipnotizados por un perfecto cielo de verano.<\/p>\n<p>Klein tambi\u00e9n era conocido por su uso de los \"pinceles vivientes\", en los que mujeres desnudas, cubiertas de Klein International Blue, dejaban impresiones de sus cuerpos en grandes hojas de papel.<\/p>\n<p><strong>Esta introducci\u00f3n a Basic Art presenta obras clave de Klein para dar a conocer a un artista que fue a la vez showman, inventor y pionero del arte de la performance. Con p\u00e1gina tras p\u00e1gina del siempre atractivo Azul Internacional de Klein, es a la vez una gu\u00eda esencial de un maestro del arte moderno y una meditaci\u00f3n sobre los efectos \u00fanicos de un solo color.<\/strong><\/p>\n<p>\"\u00bfQu\u00e9 es el azul? El azul es lo invisible que se hace visible\". - Yves Klei<\/p>","protected":false},"featured_media":5237,"comment_status":"open","ping_status":"closed","template":"","meta":{"_acf_changed":false},"product_brand":[],"product_cat":[113],"product_tag":[],"class_list":{"0":"post-5115","1":"product","2":"type-product","3":"status-publish","4":"has-post-thumbnail","6":"product_cat-livros","8":"first","9":"instock","10":"taxable","11":"shipping-taxable","12":"purchasable","13":"product-type-simple"},"acf":[],"aioseo_notices":[],"_links":{"self":[{"href":"https:\/\/silenthome.com\/es\/wp-json\/wp\/v2\/product\/5115","targetHints":{"allow":["GET"]}}],"collection":[{"href":"https:\/\/silenthome.com\/es\/wp-json\/wp\/v2\/product"}],"about":[{"href":"https:\/\/silenthome.com\/es\/wp-json\/wp\/v2\/types\/product"}],"replies":[{"embeddable":true,"href":"https:\/\/silenthome.com\/es\/wp-json\/wp\/v2\/comments?post=5115"}],"wp:featuredmedia":[{"embeddable":true,"href":"https:\/\/silenthome.com\/es\/wp-json\/wp\/v2\/media\/5237"}],"wp:attachment":[{"href":"https:\/\/silenthome.com\/es\/wp-json\/wp\/v2\/media?parent=5115"}],"wp:term":[{"taxonomy":"product_brand","embeddable":true,"href":"https:\/\/silenthome.com\/es\/wp-json\/wp\/v2\/product_brand?post=5115"},{"taxonomy":"product_cat","embeddable":true,"href":"https:\/\/silenthome.com\/es\/wp-json\/wp\/v2\/product_cat?post=5115"},{"taxonomy":"product_tag","embeddable":true,"href":"https:\/\/silenthome.com\/es\/wp-json\/wp\/v2\/product_tag?post=5115"}],"curies":[{"name":"wp","href":"https:\/\/api.w.org\/{rel}","templated":true}]}}