{"id":5114,"date":"2024-10-29T12:06:45","date_gmt":"2024-10-29T12:06:45","guid":{"rendered":"https:\/\/silenthome.com\/produto\/louis-vuitton-catwalk\/"},"modified":"2026-04-27T17:42:18","modified_gmt":"2026-04-27T16:42:18","slug":"louis-vuitton-catwalk","status":"publish","type":"product","link":"https:\/\/silenthome.com\/es\/producto\/louis-vuitton-catwalk\/","title":{"rendered":"Pasarela Louis Vuitton, Libro"},"content":{"rendered":"","protected":false},"excerpt":{"rendered":"<p>Fundada como casa de art\u00edculos de cuero de lujo en 1854, Louis Vuitton fue durante muchas d\u00e9cadas uno de los principales fabricantes de ba\u00fales y accesorios del mundo. Sin embargo, fue tras el lanzamiento de sus primeras colecciones de moda en 1998 cuando la casa alcanz\u00f3 una fama mundial sin precedentes, siendo pionera en colaboraciones de alto nivel con artistas como Richard Prince, Takashi Murakami y Stephen Sprouse.<\/p>\n<p><strong>Esta publicaci\u00f3n exclusiva comienza con una concisa historia de la casa, seguida de breves perfiles biogr\u00e1ficos de Marc Jacobs, el primer director creativo (1998-2014), y Nicolas Ghesqui\u00e8re, que dirige la marca en la actualidad, antes de explorar las propias colecciones, organizadas cronol\u00f3gicamente.<\/strong> Cada colecci\u00f3n se presenta con un breve texto que revela sus influencias y aspectos m\u00e1s destacados, y se ilustra con im\u00e1genes de pasarela cuidadosamente seleccionadas.<\/p>\n<p>Con cientos de trajes espectaculares, detalles, accesorios, looks de belleza y conjuntos - y, por supuesto, las principales modelos que los lucieron en la pasarela, desde Naomi Campbell y Gisele hasta Kate Moss y Cara Delevingne. Concluye el libro una rica secci\u00f3n de referencias, que incluye un extenso \u00edndice.<\/p>","protected":false},"featured_media":5240,"comment_status":"open","ping_status":"closed","template":"","meta":{"_acf_changed":false},"product_brand":[],"product_cat":[113],"product_tag":[],"class_list":{"0":"post-5114","1":"product","2":"type-product","3":"status-publish","4":"has-post-thumbnail","6":"product_cat-livros","8":"first","9":"instock","10":"taxable","11":"shipping-taxable","12":"purchasable","13":"product-type-simple"},"acf":[],"aioseo_notices":[],"_links":{"self":[{"href":"https:\/\/silenthome.com\/es\/wp-json\/wp\/v2\/product\/5114","targetHints":{"allow":["GET"]}}],"collection":[{"href":"https:\/\/silenthome.com\/es\/wp-json\/wp\/v2\/product"}],"about":[{"href":"https:\/\/silenthome.com\/es\/wp-json\/wp\/v2\/types\/product"}],"replies":[{"embeddable":true,"href":"https:\/\/silenthome.com\/es\/wp-json\/wp\/v2\/comments?post=5114"}],"wp:featuredmedia":[{"embeddable":true,"href":"https:\/\/silenthome.com\/es\/wp-json\/wp\/v2\/media\/5240"}],"wp:attachment":[{"href":"https:\/\/silenthome.com\/es\/wp-json\/wp\/v2\/media?parent=5114"}],"wp:term":[{"taxonomy":"product_brand","embeddable":true,"href":"https:\/\/silenthome.com\/es\/wp-json\/wp\/v2\/product_brand?post=5114"},{"taxonomy":"product_cat","embeddable":true,"href":"https:\/\/silenthome.com\/es\/wp-json\/wp\/v2\/product_cat?post=5114"},{"taxonomy":"product_tag","embeddable":true,"href":"https:\/\/silenthome.com\/es\/wp-json\/wp\/v2\/product_tag?post=5114"}],"curies":[{"name":"wp","href":"https:\/\/api.w.org\/{rel}","templated":true}]}}