{"id":5112,"date":"2024-10-29T12:06:44","date_gmt":"2024-10-29T12:06:44","guid":{"rendered":"https:\/\/silenthome.com\/produto\/the-lisbon-guide\/"},"modified":"2026-04-23T19:16:50","modified_gmt":"2026-04-23T18:16:50","slug":"the-lisbon-guide","status":"publish","type":"product","link":"https:\/\/silenthome.com\/es\/producto\/the-lisbon-guide\/","title":{"rendered":"Gu\u00eda de Lisboa"},"content":{"rendered":"","protected":false},"excerpt":{"rendered":"<p>La Gu\u00eda de Lisboa es una gu\u00eda urbana revolucionaria para el viajero amante del dise\u00f1o al que le gusta descubrir los lugares m\u00e1s interesantes de la ciudad. La Petite Passport City Guide contiene: una lista completa de las mejores direcciones, probadas y aprobadas personalmente por la periodista de viajes Pauline Egge. \u00datil formato A5, para que pueda llevarla f\u00e1cilmente consigo. Tres razones por las que este lugar es de visita obligada. Hermosas fotograf\u00edas que le ofrecer\u00e1n una visi\u00f3n desde dentro. Dise\u00f1o excepcional del Foreign &amp; Policy Design Group. Petite Passport se ha encargado de todo el trabajo y la investigaci\u00f3n, para que puedas dedicar tu valioso tiempo a disfrutar de lo mejor de lo mejor. \u00a1En marcha!<\/p>","protected":false},"featured_media":5246,"comment_status":"open","ping_status":"closed","template":"","meta":{"_acf_changed":false},"product_brand":[],"product_cat":[113],"product_tag":[],"class_list":{"0":"post-5112","1":"product","2":"type-product","3":"status-publish","4":"has-post-thumbnail","6":"product_cat-livros","8":"first","9":"outofstock","10":"taxable","11":"shipping-taxable","12":"purchasable","13":"product-type-simple"},"acf":[],"aioseo_notices":[],"_links":{"self":[{"href":"https:\/\/silenthome.com\/es\/wp-json\/wp\/v2\/product\/5112","targetHints":{"allow":["GET"]}}],"collection":[{"href":"https:\/\/silenthome.com\/es\/wp-json\/wp\/v2\/product"}],"about":[{"href":"https:\/\/silenthome.com\/es\/wp-json\/wp\/v2\/types\/product"}],"replies":[{"embeddable":true,"href":"https:\/\/silenthome.com\/es\/wp-json\/wp\/v2\/comments?post=5112"}],"wp:featuredmedia":[{"embeddable":true,"href":"https:\/\/silenthome.com\/es\/wp-json\/wp\/v2\/media\/5246"}],"wp:attachment":[{"href":"https:\/\/silenthome.com\/es\/wp-json\/wp\/v2\/media?parent=5112"}],"wp:term":[{"taxonomy":"product_brand","embeddable":true,"href":"https:\/\/silenthome.com\/es\/wp-json\/wp\/v2\/product_brand?post=5112"},{"taxonomy":"product_cat","embeddable":true,"href":"https:\/\/silenthome.com\/es\/wp-json\/wp\/v2\/product_cat?post=5112"},{"taxonomy":"product_tag","embeddable":true,"href":"https:\/\/silenthome.com\/es\/wp-json\/wp\/v2\/product_tag?post=5112"}],"curies":[{"name":"wp","href":"https:\/\/api.w.org\/{rel}","templated":true}]}}