{"id":5109,"date":"2024-10-29T12:06:43","date_gmt":"2024-10-29T12:06:43","guid":{"rendered":"https:\/\/silenthome.com\/produto\/basquiat-basic-art-series\/"},"modified":"2026-04-23T19:16:51","modified_gmt":"2026-04-23T18:16:51","slug":"basquiat-basic-art-series","status":"publish","type":"product","link":"https:\/\/silenthome.com\/es\/producto\/basquiat-basic-art-series\/","title":{"rendered":"Basquiat - Serie B\u00e1sica de Arte, Libro"},"content":{"rendered":"","protected":false},"excerpt":{"rendered":"<p>Desde las calles de Nueva York hasta las paredes de sus galer\u00edas m\u00e1s importantes, siga la corta, prol\u00edfica y politizada carrera de Jean-Michel Basquiat, figura de culto del comentario social art\u00edstico. Esta introducci\u00f3n explora las inspiraciones del joven artista y sus impactantes obras llenas de im\u00e1genes viscerales y coloristas.<\/p>\n<p>Icono del Nueva York de los a\u00f1os 80, Jean-Michel Basquiat (1960-1988) se dio a conocer con la etiqueta de graffiti \"SAMO\", antes de establecer su estudio y saltar a la fama a los 20 a\u00f1os. Aunque su carrera s\u00f3lo dur\u00f3 una d\u00e9cada, sigue siendo una figura ineludible del comentario social art\u00edstico y un pionero en la mediaci\u00f3n del graffiti y el arte de galer\u00eda. La obra de Basquiat se bas\u00f3 en diversas fuentes para crear un vocabulario art\u00edstico original y urgente, criticando las estructuras de poder y el racismo. Su pr\u00e1ctica fusionaba abstracci\u00f3n y figuraci\u00f3n, poes\u00eda y pintura, mientras que sus influencias abarcaban el arte griego, romano y africano, la poes\u00eda francesa, el jazz y la obra de artistas contempor\u00e1neos como Andy Warhol y Cy Twombly. Los resultados son mezclas v\u00edvidas y viscerales de palabras, emblemas africanos, figuras de dibujos animados y salpicaduras de colores fuertes.<\/p>\n<p><strong>Este libro presenta la corta pero prol\u00edfica carrera de Basquiat, su estilo \u00fanico y su profundo compromiso con temas siempre relevantes como la integraci\u00f3n y la segregaci\u00f3n, la pobreza y la riqueza.<\/strong><\/p>","protected":false},"featured_media":5256,"comment_status":"open","ping_status":"closed","template":"","meta":{"_acf_changed":false},"product_brand":[],"product_cat":[113],"product_tag":[],"class_list":{"0":"post-5109","1":"product","2":"type-product","3":"status-publish","4":"has-post-thumbnail","6":"product_cat-livros","8":"first","9":"instock","10":"taxable","11":"shipping-taxable","12":"purchasable","13":"product-type-simple"},"acf":[],"aioseo_notices":[],"_links":{"self":[{"href":"https:\/\/silenthome.com\/es\/wp-json\/wp\/v2\/product\/5109","targetHints":{"allow":["GET"]}}],"collection":[{"href":"https:\/\/silenthome.com\/es\/wp-json\/wp\/v2\/product"}],"about":[{"href":"https:\/\/silenthome.com\/es\/wp-json\/wp\/v2\/types\/product"}],"replies":[{"embeddable":true,"href":"https:\/\/silenthome.com\/es\/wp-json\/wp\/v2\/comments?post=5109"}],"wp:featuredmedia":[{"embeddable":true,"href":"https:\/\/silenthome.com\/es\/wp-json\/wp\/v2\/media\/5256"}],"wp:attachment":[{"href":"https:\/\/silenthome.com\/es\/wp-json\/wp\/v2\/media?parent=5109"}],"wp:term":[{"taxonomy":"product_brand","embeddable":true,"href":"https:\/\/silenthome.com\/es\/wp-json\/wp\/v2\/product_brand?post=5109"},{"taxonomy":"product_cat","embeddable":true,"href":"https:\/\/silenthome.com\/es\/wp-json\/wp\/v2\/product_cat?post=5109"},{"taxonomy":"product_tag","embeddable":true,"href":"https:\/\/silenthome.com\/es\/wp-json\/wp\/v2\/product_tag?post=5109"}],"curies":[{"name":"wp","href":"https:\/\/api.w.org\/{rel}","templated":true}]}}