{"id":4738,"date":"2024-10-22T16:32:51","date_gmt":"2024-10-22T15:32:51","guid":{"rendered":"https:\/\/silenthome.com\/produto\/arvore-de-natal-em-zinco-petite-17x17x27-cm\/"},"modified":"2026-02-01T11:27:52","modified_gmt":"2026-02-01T11:27:52","slug":"arvore-de-natal-em-zinco-petite-17x17x27-cm","status":"publish","type":"product","link":"https:\/\/silenthome.com\/es\/producto\/arvore-de-natal-em-zinco-petite-17x17x27-cm\/","title":{"rendered":"Peque\u00f1o \u00e1rbol de Navidad de zinc de 17x17x27 cm."},"content":{"rendered":"","protected":false},"excerpt":{"rendered":"<p>Peque\u00f1o \u00e1rbol de Navidad de zinc de 17x17x27 cm.<\/p>","protected":false},"featured_media":4882,"comment_status":"open","ping_status":"closed","template":"","meta":{"_acf_changed":false},"product_brand":[],"product_cat":[112],"product_tag":[],"class_list":{"0":"post-4738","1":"product","2":"type-product","3":"status-publish","4":"has-post-thumbnail","6":"product_cat-natal","8":"first","9":"instock","10":"taxable","11":"shipping-taxable","12":"purchasable","13":"product-type-simple"},"acf":[],"aioseo_notices":[],"_links":{"self":[{"href":"https:\/\/silenthome.com\/es\/wp-json\/wp\/v2\/product\/4738","targetHints":{"allow":["GET"]}}],"collection":[{"href":"https:\/\/silenthome.com\/es\/wp-json\/wp\/v2\/product"}],"about":[{"href":"https:\/\/silenthome.com\/es\/wp-json\/wp\/v2\/types\/product"}],"replies":[{"embeddable":true,"href":"https:\/\/silenthome.com\/es\/wp-json\/wp\/v2\/comments?post=4738"}],"wp:featuredmedia":[{"embeddable":true,"href":"https:\/\/silenthome.com\/es\/wp-json\/wp\/v2\/media\/4882"}],"wp:attachment":[{"href":"https:\/\/silenthome.com\/es\/wp-json\/wp\/v2\/media?parent=4738"}],"wp:term":[{"taxonomy":"product_brand","embeddable":true,"href":"https:\/\/silenthome.com\/es\/wp-json\/wp\/v2\/product_brand?post=4738"},{"taxonomy":"product_cat","embeddable":true,"href":"https:\/\/silenthome.com\/es\/wp-json\/wp\/v2\/product_cat?post=4738"},{"taxonomy":"product_tag","embeddable":true,"href":"https:\/\/silenthome.com\/es\/wp-json\/wp\/v2\/product_tag?post=4738"}],"curies":[{"name":"wp","href":"https:\/\/api.w.org\/{rel}","templated":true}]}}