{"id":4722,"date":"2024-10-22T16:32:41","date_gmt":"2024-10-22T15:32:41","guid":{"rendered":"https:\/\/silenthome.com\/produto\/tabuleiro-lacado-bege-20x34x3cm\/"},"modified":"2026-01-24T18:50:09","modified_gmt":"2026-01-24T18:50:09","slug":"tabuleiro-lacado-bege-20x34x3cm","status":"publish","type":"product","link":"https:\/\/silenthome.com\/es\/producto\/tabuleiro-lacado-bege-20x34x3cm\/","title":{"rendered":"Bandeja lacada Cachemira beige 20x34x3cm"},"content":{"rendered":"","protected":false},"excerpt":{"rendered":"<p data-pm-slice=\"1 1 []\">Esta bandeja lacada es una pieza artesanal fabricada en Vietnam, donde la tradici\u00f3n se une al dise\u00f1o contempor\u00e1neo.<\/p>\n<p data-pm-slice=\"1 1 []\">Con un meticuloso proceso de producci\u00f3n de hasta 15 capas de laca aplicadas a mano, el resultado es un acabado profundo, brillante y duradero.<br data-start=\"431\" data-end=\"434\" \/><strong data-start=\"434\" data-end=\"467\">Vers\u00e1til, discreto y elegante<\/strong>es un detalle que eleva y transforma cualquier habitaci\u00f3n.<\/p>","protected":false},"featured_media":5017,"comment_status":"open","ping_status":"closed","template":"","meta":{"_acf_changed":false},"product_brand":[],"product_cat":[73,85],"product_tag":[],"class_list":{"0":"post-4722","1":"product","2":"type-product","3":"status-publish","4":"has-post-thumbnail","6":"product_cat-decoracao","7":"product_cat-tabuleiros","9":"first","10":"instock","11":"taxable","12":"shipping-taxable","13":"purchasable","14":"product-type-simple"},"acf":[],"aioseo_notices":[],"_links":{"self":[{"href":"https:\/\/silenthome.com\/es\/wp-json\/wp\/v2\/product\/4722","targetHints":{"allow":["GET"]}}],"collection":[{"href":"https:\/\/silenthome.com\/es\/wp-json\/wp\/v2\/product"}],"about":[{"href":"https:\/\/silenthome.com\/es\/wp-json\/wp\/v2\/types\/product"}],"replies":[{"embeddable":true,"href":"https:\/\/silenthome.com\/es\/wp-json\/wp\/v2\/comments?post=4722"}],"wp:featuredmedia":[{"embeddable":true,"href":"https:\/\/silenthome.com\/es\/wp-json\/wp\/v2\/media\/5017"}],"wp:attachment":[{"href":"https:\/\/silenthome.com\/es\/wp-json\/wp\/v2\/media?parent=4722"}],"wp:term":[{"taxonomy":"product_brand","embeddable":true,"href":"https:\/\/silenthome.com\/es\/wp-json\/wp\/v2\/product_brand?post=4722"},{"taxonomy":"product_cat","embeddable":true,"href":"https:\/\/silenthome.com\/es\/wp-json\/wp\/v2\/product_cat?post=4722"},{"taxonomy":"product_tag","embeddable":true,"href":"https:\/\/silenthome.com\/es\/wp-json\/wp\/v2\/product_tag?post=4722"}],"curies":[{"name":"wp","href":"https:\/\/api.w.org\/{rel}","templated":true}]}}