{"id":4695,"date":"2024-10-22T16:19:58","date_gmt":"2024-10-22T15:19:58","guid":{"rendered":"https:\/\/silenthome.com\/produto\/castical-de-vidro-prateado-alt-26cm\/"},"modified":"2026-02-07T11:58:39","modified_gmt":"2026-02-07T11:58:39","slug":"castical-de-vidro-prateado-alt-26cm","status":"publish","type":"product","link":"https:\/\/silenthome.com\/es\/producto\/castical-de-vidro-prateado-alt-26cm\/","title":{"rendered":"Candelabro de cristal plateado Alt.26cm."},"content":{"rendered":"","protected":false},"excerpt":{"rendered":"<p data-start=\"123\" data-end=\"464\">Este candelabro de cristal plateado es la combinaci\u00f3n ideal de <strong>elegancia y funcionalidad<\/strong>. Su acabado met\u00e1lico le confiere un brillo sofisticado que realza cualquier ambiente. <strong>Vers\u00e1til y f\u00e1cil de combinar<\/strong> con diferentes estilos de decoraci\u00f3n, es la pieza perfecta para dar un toque especial a su hogar.<\/p>","protected":false},"featured_media":4702,"comment_status":"open","ping_status":"closed","template":"","meta":{"_acf_changed":false},"product_brand":[],"product_cat":[84,73],"product_tag":[],"class_list":{"0":"post-4695","1":"product","2":"type-product","3":"status-publish","4":"has-post-thumbnail","6":"product_cat-casticais","7":"product_cat-decoracao","9":"first","10":"instock","11":"taxable","12":"shipping-taxable","13":"purchasable","14":"product-type-simple"},"acf":[],"aioseo_notices":[],"_links":{"self":[{"href":"https:\/\/silenthome.com\/es\/wp-json\/wp\/v2\/product\/4695","targetHints":{"allow":["GET"]}}],"collection":[{"href":"https:\/\/silenthome.com\/es\/wp-json\/wp\/v2\/product"}],"about":[{"href":"https:\/\/silenthome.com\/es\/wp-json\/wp\/v2\/types\/product"}],"replies":[{"embeddable":true,"href":"https:\/\/silenthome.com\/es\/wp-json\/wp\/v2\/comments?post=4695"}],"wp:featuredmedia":[{"embeddable":true,"href":"https:\/\/silenthome.com\/es\/wp-json\/wp\/v2\/media\/4702"}],"wp:attachment":[{"href":"https:\/\/silenthome.com\/es\/wp-json\/wp\/v2\/media?parent=4695"}],"wp:term":[{"taxonomy":"product_brand","embeddable":true,"href":"https:\/\/silenthome.com\/es\/wp-json\/wp\/v2\/product_brand?post=4695"},{"taxonomy":"product_cat","embeddable":true,"href":"https:\/\/silenthome.com\/es\/wp-json\/wp\/v2\/product_cat?post=4695"},{"taxonomy":"product_tag","embeddable":true,"href":"https:\/\/silenthome.com\/es\/wp-json\/wp\/v2\/product_tag?post=4695"}],"curies":[{"name":"wp","href":"https:\/\/api.w.org\/{rel}","templated":true}]}}