{"id":4683,"date":"2024-10-22T16:19:53","date_gmt":"2024-10-22T15:19:53","guid":{"rendered":"https:\/\/silenthome.com\/produto\/gros-tabuleiro-decorativo-com-pegas-grand\/"},"modified":"2025-06-06T16:13:45","modified_gmt":"2025-06-06T15:13:45","slug":"gros-tabuleiro-decorativo-com-pegas-grand","status":"publish","type":"product","link":"https:\/\/silenthome.com\/es\/producto\/gros-tabuleiro-decorativo-com-pegas-grand\/","title":{"rendered":"Gros, bandeja decorativa con grandes asas."},"content":{"rendered":"","protected":false},"excerpt":{"rendered":"<p data-start=\"187\" data-end=\"489\">A\u00f1ada un toque de <strong data-start=\"202\" data-end=\"215\">elegancia<\/strong> a su <strong data-start=\"222\" data-end=\"235\">decoraci\u00f3n<\/strong> con el <strong data-start=\"242\" data-end=\"250\">Gros<\/strong>, a <strong data-start=\"255\" data-end=\"279\">bandeja decorativa<\/strong> en <strong data-start=\"283\" data-end=\"295\">aluminio<\/strong> terminado <strong data-start=\"311\" data-end=\"323\">plata<\/strong>. Con un dise\u00f1o <strong data-start=\"339\" data-end=\"349\">s\u00f3lido<\/strong> e <strong data-start=\"352\" data-end=\"369\">contempor\u00e1neo<\/strong>Las grandes y c\u00f3modas asas facilitan su manejo y a\u00f1aden car\u00e1cter a la pieza.<\/p>\n<p data-start=\"491\" data-end=\"774\">Ideal para <strong data-start=\"502\" data-end=\"523\">servir con estilo<\/strong> o simplemente como <strong data-start=\"545\" data-end=\"564\">base decorativa<\/strong> para velas, perfumes, flores u otros objetos. Su superficie <strong data-start=\"643\" data-end=\"669\">ligeramente texturado<\/strong> y <strong data-start=\"674\" data-end=\"693\">brillo met\u00e1lico<\/strong> le dan un aspecto sofisticado, perfecto para cualquier habitaci\u00f3n de la casa.<\/p>","protected":false},"featured_media":6378,"comment_status":"open","ping_status":"closed","template":"","meta":{"_acf_changed":false},"product_brand":[],"product_cat":[73,85],"product_tag":[],"class_list":{"0":"post-4683","1":"product","2":"type-product","3":"status-publish","4":"has-post-thumbnail","6":"product_cat-decoracao","7":"product_cat-tabuleiros","9":"first","10":"instock","11":"taxable","12":"shipping-taxable","13":"purchasable","14":"product-type-simple"},"acf":[],"aioseo_notices":[],"_links":{"self":[{"href":"https:\/\/silenthome.com\/es\/wp-json\/wp\/v2\/product\/4683","targetHints":{"allow":["GET"]}}],"collection":[{"href":"https:\/\/silenthome.com\/es\/wp-json\/wp\/v2\/product"}],"about":[{"href":"https:\/\/silenthome.com\/es\/wp-json\/wp\/v2\/types\/product"}],"replies":[{"embeddable":true,"href":"https:\/\/silenthome.com\/es\/wp-json\/wp\/v2\/comments?post=4683"}],"wp:featuredmedia":[{"embeddable":true,"href":"https:\/\/silenthome.com\/es\/wp-json\/wp\/v2\/media\/6378"}],"wp:attachment":[{"href":"https:\/\/silenthome.com\/es\/wp-json\/wp\/v2\/media?parent=4683"}],"wp:term":[{"taxonomy":"product_brand","embeddable":true,"href":"https:\/\/silenthome.com\/es\/wp-json\/wp\/v2\/product_brand?post=4683"},{"taxonomy":"product_cat","embeddable":true,"href":"https:\/\/silenthome.com\/es\/wp-json\/wp\/v2\/product_cat?post=4683"},{"taxonomy":"product_tag","embeddable":true,"href":"https:\/\/silenthome.com\/es\/wp-json\/wp\/v2\/product_tag?post=4683"}],"curies":[{"name":"wp","href":"https:\/\/api.w.org\/{rel}","templated":true}]}}