{"id":4682,"date":"2024-10-22T16:19:52","date_gmt":"2024-10-22T15:19:52","guid":{"rendered":"https:\/\/silenthome.com\/produto\/gros-tabuleiro-decorativo-com-pegas-petite\/"},"modified":"2025-05-30T12:04:07","modified_gmt":"2025-05-30T11:04:07","slug":"gros-tabuleiro-decorativo-com-pegas-petite","status":"publish","type":"product","link":"https:\/\/silenthome.com\/es\/producto\/gros-tabuleiro-decorativo-com-pegas-petite\/","title":{"rendered":"Gros, bandeja decorativa con peque\u00f1as asas."},"content":{"rendered":"","protected":false},"excerpt":{"rendered":"<p data-start=\"187\" data-end=\"489\">A\u00f1ada un toque de\u00a0<strong data-start=\"202\" data-end=\"215\">elegancia<\/strong>\u00a0a su\u00a0<strong data-start=\"222\" data-end=\"235\">decoraci\u00f3n<\/strong>\u00a0con el\u00a0<strong data-start=\"242\" data-end=\"250\">Gros<\/strong>, a\u00a0<strong data-start=\"255\" data-end=\"279\">bandeja decorativa<\/strong>\u00a0en\u00a0<strong data-start=\"283\" data-end=\"295\">aluminio<\/strong>\u00a0terminado\u00a0<strong data-start=\"311\" data-end=\"323\">plata<\/strong>. Con un dise\u00f1o\u00a0<strong data-start=\"339\" data-end=\"349\">s\u00f3lido<\/strong>\u00a0e\u00a0<strong data-start=\"352\" data-end=\"369\">contempor\u00e1neo<\/strong>Las grandes y c\u00f3modas asas facilitan su manejo y a\u00f1aden car\u00e1cter a la pieza.<\/p>\n<p data-start=\"491\" data-end=\"774\">Ideal para\u00a0<strong data-start=\"502\" data-end=\"523\">servir con estilo<\/strong>\u00a0o simplemente como\u00a0<strong data-start=\"545\" data-end=\"564\">base decorativa<\/strong>\u00a0para velas, perfumes, flores u otros objetos. Su superficie\u00a0<strong data-start=\"643\" data-end=\"669\">ligeramente texturado<\/strong>\u00a0y\u00a0<strong data-start=\"674\" data-end=\"693\">brillo met\u00e1lico<\/strong>\u00a0le dan un aspecto sofisticado, perfecto para cualquier habitaci\u00f3n de la casa.<\/p>","protected":false},"featured_media":6377,"comment_status":"open","ping_status":"closed","template":"","meta":{"_acf_changed":false},"product_brand":[],"product_cat":[73,85],"product_tag":[],"class_list":{"0":"post-4682","1":"product","2":"type-product","3":"status-publish","4":"has-post-thumbnail","6":"product_cat-decoracao","7":"product_cat-tabuleiros","9":"first","10":"instock","11":"taxable","12":"shipping-taxable","13":"purchasable","14":"product-type-simple"},"acf":[],"aioseo_notices":[],"_links":{"self":[{"href":"https:\/\/silenthome.com\/es\/wp-json\/wp\/v2\/product\/4682","targetHints":{"allow":["GET"]}}],"collection":[{"href":"https:\/\/silenthome.com\/es\/wp-json\/wp\/v2\/product"}],"about":[{"href":"https:\/\/silenthome.com\/es\/wp-json\/wp\/v2\/types\/product"}],"replies":[{"embeddable":true,"href":"https:\/\/silenthome.com\/es\/wp-json\/wp\/v2\/comments?post=4682"}],"wp:featuredmedia":[{"embeddable":true,"href":"https:\/\/silenthome.com\/es\/wp-json\/wp\/v2\/media\/6377"}],"wp:attachment":[{"href":"https:\/\/silenthome.com\/es\/wp-json\/wp\/v2\/media?parent=4682"}],"wp:term":[{"taxonomy":"product_brand","embeddable":true,"href":"https:\/\/silenthome.com\/es\/wp-json\/wp\/v2\/product_brand?post=4682"},{"taxonomy":"product_cat","embeddable":true,"href":"https:\/\/silenthome.com\/es\/wp-json\/wp\/v2\/product_cat?post=4682"},{"taxonomy":"product_tag","embeddable":true,"href":"https:\/\/silenthome.com\/es\/wp-json\/wp\/v2\/product_tag?post=4682"}],"curies":[{"name":"wp","href":"https:\/\/api.w.org\/{rel}","templated":true}]}}