{"id":4679,"date":"2024-10-22T16:19:51","date_gmt":"2024-10-22T15:19:51","guid":{"rendered":"https:\/\/silenthome.com\/produto\/gros-taca-decorativa-com-pe-petite\/"},"modified":"2025-05-23T13:38:34","modified_gmt":"2025-05-23T12:38:34","slug":"gros-taca-decorativa-com-pe-petite","status":"publish","type":"product","link":"https:\/\/silenthome.com\/es\/producto\/gros-taca-decorativa-com-pe-petite\/","title":{"rendered":"Gros, cuenco decorativo con pie petite"},"content":{"rendered":"","protected":false},"excerpt":{"rendered":"<p>Gros, un cuenco decorativo con pie peque\u00f1o, es una pieza <strong>perfecto para quienes desean a\u00f1adir elegancia y car\u00e1cter a su decoraci\u00f3n interior.<\/strong> Este cuenco adquiere una presencia casi escult\u00f3rica, adapt\u00e1ndose f\u00e1cilmente a diferentes estilos decorativos.<strong>\u00a0Ideal como centro de mesa o para exponer objetos decorativos<\/strong>El cuenco Gros es una opci\u00f3n sofisticada para ambientes que valoran las piezas con un dise\u00f1o llamativo y distintivo.<\/p>","protected":false},"featured_media":6348,"comment_status":"open","ping_status":"closed","template":"","meta":{"_acf_changed":false},"product_brand":[],"product_cat":[73,86],"product_tag":[],"class_list":{"0":"post-4679","1":"product","2":"type-product","3":"status-publish","4":"has-post-thumbnail","6":"product_cat-decoracao","7":"product_cat-tacas","9":"first","10":"instock","11":"taxable","12":"shipping-taxable","13":"purchasable","14":"product-type-simple"},"acf":[],"aioseo_notices":[],"_links":{"self":[{"href":"https:\/\/silenthome.com\/es\/wp-json\/wp\/v2\/product\/4679","targetHints":{"allow":["GET"]}}],"collection":[{"href":"https:\/\/silenthome.com\/es\/wp-json\/wp\/v2\/product"}],"about":[{"href":"https:\/\/silenthome.com\/es\/wp-json\/wp\/v2\/types\/product"}],"replies":[{"embeddable":true,"href":"https:\/\/silenthome.com\/es\/wp-json\/wp\/v2\/comments?post=4679"}],"wp:featuredmedia":[{"embeddable":true,"href":"https:\/\/silenthome.com\/es\/wp-json\/wp\/v2\/media\/6348"}],"wp:attachment":[{"href":"https:\/\/silenthome.com\/es\/wp-json\/wp\/v2\/media?parent=4679"}],"wp:term":[{"taxonomy":"product_brand","embeddable":true,"href":"https:\/\/silenthome.com\/es\/wp-json\/wp\/v2\/product_brand?post=4679"},{"taxonomy":"product_cat","embeddable":true,"href":"https:\/\/silenthome.com\/es\/wp-json\/wp\/v2\/product_cat?post=4679"},{"taxonomy":"product_tag","embeddable":true,"href":"https:\/\/silenthome.com\/es\/wp-json\/wp\/v2\/product_tag?post=4679"}],"curies":[{"name":"wp","href":"https:\/\/api.w.org\/{rel}","templated":true}]}}