{"id":4569,"date":"2024-10-17T11:51:21","date_gmt":"2024-10-17T10:51:21","guid":{"rendered":"https:\/\/silenthome.com\/?post_type=product&#038;p=4569"},"modified":"2025-05-27T13:44:00","modified_gmt":"2025-05-27T12:44:00","slug":"jumeirah-rosa-taupe-tapete","status":"publish","type":"product","link":"https:\/\/silenthome.com\/es\/producto\/jumeirah-rosa-taupe-tapete\/","title":{"rendered":"JUMEIRAH ROSE TAUPE, ALFOMBRA"},"content":{"rendered":"","protected":false},"excerpt":{"rendered":"<p>La alfombra Jumeriah es pr\u00e1ctica y funcional, y ofrece una facilidad de mantenimiento inigualable. D\u00e9 a su interior un toque de elegancia y confort con esta alfombra refinada y pr\u00e1ctica. <strong>La alfombra Jumeirah est\u00e1 disponible en dos colores y tres tama\u00f1os: 155x230 cm, 240x350 cm y 295x400 cm.<\/strong><\/p>","protected":false},"featured_media":4238,"comment_status":"open","ping_status":"closed","template":"","meta":{"_acf_changed":false},"product_brand":[],"product_cat":[65,64],"product_tag":[],"class_list":{"0":"post-4569","1":"product","2":"type-product","3":"status-publish","4":"has-post-thumbnail","6":"product_cat-tapetes","7":"product_cat-texteis","9":"first","10":"instock","11":"taxable","12":"shipping-taxable","13":"purchasable","14":"product-type-variable"},"acf":[],"aioseo_notices":[],"_links":{"self":[{"href":"https:\/\/silenthome.com\/es\/wp-json\/wp\/v2\/product\/4569","targetHints":{"allow":["GET"]}}],"collection":[{"href":"https:\/\/silenthome.com\/es\/wp-json\/wp\/v2\/product"}],"about":[{"href":"https:\/\/silenthome.com\/es\/wp-json\/wp\/v2\/types\/product"}],"replies":[{"embeddable":true,"href":"https:\/\/silenthome.com\/es\/wp-json\/wp\/v2\/comments?post=4569"}],"wp:featuredmedia":[{"embeddable":true,"href":"https:\/\/silenthome.com\/es\/wp-json\/wp\/v2\/media\/4238"}],"wp:attachment":[{"href":"https:\/\/silenthome.com\/es\/wp-json\/wp\/v2\/media?parent=4569"}],"wp:term":[{"taxonomy":"product_brand","embeddable":true,"href":"https:\/\/silenthome.com\/es\/wp-json\/wp\/v2\/product_brand?post=4569"},{"taxonomy":"product_cat","embeddable":true,"href":"https:\/\/silenthome.com\/es\/wp-json\/wp\/v2\/product_cat?post=4569"},{"taxonomy":"product_tag","embeddable":true,"href":"https:\/\/silenthome.com\/es\/wp-json\/wp\/v2\/product_tag?post=4569"}],"curies":[{"name":"wp","href":"https:\/\/api.w.org\/{rel}","templated":true}]}}