{"id":4532,"date":"2024-10-15T13:25:59","date_gmt":"2024-10-15T12:25:59","guid":{"rendered":"https:\/\/silenthome.com\/produto\/mesa-de-centro-atomos-em-ouro-rosa\/"},"modified":"2026-04-01T23:35:18","modified_gmt":"2026-04-01T22:35:18","slug":"mesa-de-centro-atomos-em-ouro-rosa","status":"publish","type":"product","link":"https:\/\/silenthome.com\/es\/producto\/mesa-de-centro-atomos-em-ouro-rosa\/","title":{"rendered":"MESA DE CENTRO ATOMOS EN ORO ROSA"},"content":{"rendered":"","protected":false},"excerpt":{"rendered":"<p>La mesa de centro Atomos presenta una estructura de oro rosa con un dise\u00f1o inusual, combinada con una tapa circular de cristal oscuro. Ideal para salones, ofrece un lugar elegante donde colocar objetos decorativos o un bol de palomitas mientras se ve una pel\u00edcula. Su acabado en oro rosa a\u00f1ade <strong>elegancia y sofisticaci\u00f3n<\/strong>convirti\u00e9ndolo en un <strong>centro de mesa<\/strong> en la decoraci\u00f3n de tu espacio.<\/p>","protected":false},"featured_media":7013,"comment_status":"open","ping_status":"closed","template":"","meta":{"_acf_changed":false},"product_brand":[],"product_cat":[62,61,164],"product_tag":[],"class_list":{"0":"post-4532","1":"product","2":"type-product","3":"status-publish","4":"has-post-thumbnail","6":"product_cat-mesas-de-centro-e-apoio","7":"product_cat-mobiliario","8":"product_cat-promocoes","10":"first","11":"instock","12":"taxable","13":"shipping-taxable","14":"purchasable","15":"product-type-simple"},"acf":[],"aioseo_notices":[],"_links":{"self":[{"href":"https:\/\/silenthome.com\/es\/wp-json\/wp\/v2\/product\/4532","targetHints":{"allow":["GET"]}}],"collection":[{"href":"https:\/\/silenthome.com\/es\/wp-json\/wp\/v2\/product"}],"about":[{"href":"https:\/\/silenthome.com\/es\/wp-json\/wp\/v2\/types\/product"}],"replies":[{"embeddable":true,"href":"https:\/\/silenthome.com\/es\/wp-json\/wp\/v2\/comments?post=4532"}],"wp:featuredmedia":[{"embeddable":true,"href":"https:\/\/silenthome.com\/es\/wp-json\/wp\/v2\/media\/7013"}],"wp:attachment":[{"href":"https:\/\/silenthome.com\/es\/wp-json\/wp\/v2\/media?parent=4532"}],"wp:term":[{"taxonomy":"product_brand","embeddable":true,"href":"https:\/\/silenthome.com\/es\/wp-json\/wp\/v2\/product_brand?post=4532"},{"taxonomy":"product_cat","embeddable":true,"href":"https:\/\/silenthome.com\/es\/wp-json\/wp\/v2\/product_cat?post=4532"},{"taxonomy":"product_tag","embeddable":true,"href":"https:\/\/silenthome.com\/es\/wp-json\/wp\/v2\/product_tag?post=4532"}],"curies":[{"name":"wp","href":"https:\/\/api.w.org\/{rel}","templated":true}]}}