{"id":4528,"date":"2024-10-15T13:25:58","date_gmt":"2024-10-15T12:25:58","guid":{"rendered":"https:\/\/silenthome.com\/produto\/mesa-de-centro-atomos-em-dourado\/"},"modified":"2026-04-01T23:33:42","modified_gmt":"2026-04-01T22:33:42","slug":"mesa-de-centro-atomos-em-dourado","status":"publish","type":"product","link":"https:\/\/silenthome.com\/es\/producto\/mesa-de-centro-atomos-em-dourado\/","title":{"rendered":"MESA DE CENTRO ATOMS EN ORO"},"content":{"rendered":"","protected":false},"excerpt":{"rendered":"<p>La mesa de centro Atomos presenta una estructura chapada en oro con un dise\u00f1o inusual, combinada con una tapa circular de cristal oscuro. Ideal para salones, ofrece un lugar elegante donde colocar objetos decorativos o un bol de palomitas mientras se ve una pel\u00edcula. Su acabado dorado a\u00f1ade <strong>elegancia y sofisticaci\u00f3n<\/strong>convirti\u00e9ndolo en un<strong> centro de mesa<\/strong> en la decoraci\u00f3n de tu espacio.<\/p>","protected":false},"featured_media":7022,"comment_status":"open","ping_status":"closed","template":"","meta":{"_acf_changed":false},"product_brand":[],"product_cat":[62,61,164],"product_tag":[],"class_list":{"0":"post-4528","1":"product","2":"type-product","3":"status-publish","4":"has-post-thumbnail","6":"product_cat-mesas-de-centro-e-apoio","7":"product_cat-mobiliario","8":"product_cat-promocoes","10":"first","11":"instock","12":"taxable","13":"shipping-taxable","14":"purchasable","15":"product-type-simple"},"acf":[],"aioseo_notices":[],"_links":{"self":[{"href":"https:\/\/silenthome.com\/es\/wp-json\/wp\/v2\/product\/4528","targetHints":{"allow":["GET"]}}],"collection":[{"href":"https:\/\/silenthome.com\/es\/wp-json\/wp\/v2\/product"}],"about":[{"href":"https:\/\/silenthome.com\/es\/wp-json\/wp\/v2\/types\/product"}],"replies":[{"embeddable":true,"href":"https:\/\/silenthome.com\/es\/wp-json\/wp\/v2\/comments?post=4528"}],"wp:featuredmedia":[{"embeddable":true,"href":"https:\/\/silenthome.com\/es\/wp-json\/wp\/v2\/media\/7022"}],"wp:attachment":[{"href":"https:\/\/silenthome.com\/es\/wp-json\/wp\/v2\/media?parent=4528"}],"wp:term":[{"taxonomy":"product_brand","embeddable":true,"href":"https:\/\/silenthome.com\/es\/wp-json\/wp\/v2\/product_brand?post=4528"},{"taxonomy":"product_cat","embeddable":true,"href":"https:\/\/silenthome.com\/es\/wp-json\/wp\/v2\/product_cat?post=4528"},{"taxonomy":"product_tag","embeddable":true,"href":"https:\/\/silenthome.com\/es\/wp-json\/wp\/v2\/product_tag?post=4528"}],"curies":[{"name":"wp","href":"https:\/\/api.w.org\/{rel}","templated":true}]}}