{"id":4517,"date":"2024-10-15T13:25:53","date_gmt":"2024-10-15T12:25:53","guid":{"rendered":"https:\/\/silenthome.com\/produto\/mesa-de-apoio-esfera-e-cilindro-em-dourado\/"},"modified":"2026-04-01T23:33:32","modified_gmt":"2026-04-01T22:33:32","slug":"mesa-de-apoio-esfera-e-cilindro-em-dourado","status":"publish","type":"product","link":"https:\/\/silenthome.com\/es\/producto\/mesa-de-apoio-esfera-e-cilindro-em-dourado\/","title":{"rendered":"MESA DE CENTRO ESFERA Y CILINDRO EN ORO"},"content":{"rendered":"","protected":false},"excerpt":{"rendered":"<p>La mesa de centro Esfera y Cilindro presenta un pie cil\u00edndrico alto en dorado, combinado con un tablero circular en cristal oscuro. Perfecta para colocar junto a sof\u00e1s, proporciona un acogedor ambiente. <strong>un lugar pr\u00e1ctico para colocar objetos esenciales o decorativos<\/strong>. Su dise\u00f1o a\u00f1ade un toque<strong> lujo y glamour<\/strong> al espacio.<\/p>","protected":false},"featured_media":7049,"comment_status":"open","ping_status":"closed","template":"","meta":{"_acf_changed":false},"product_brand":[],"product_cat":[62,61,164],"product_tag":[],"class_list":{"0":"post-4517","1":"product","2":"type-product","3":"status-publish","4":"has-post-thumbnail","6":"product_cat-mesas-de-centro-e-apoio","7":"product_cat-mobiliario","8":"product_cat-promocoes","10":"first","11":"instock","12":"taxable","13":"shipping-taxable","14":"purchasable","15":"product-type-simple"},"acf":[],"aioseo_notices":[],"_links":{"self":[{"href":"https:\/\/silenthome.com\/es\/wp-json\/wp\/v2\/product\/4517","targetHints":{"allow":["GET"]}}],"collection":[{"href":"https:\/\/silenthome.com\/es\/wp-json\/wp\/v2\/product"}],"about":[{"href":"https:\/\/silenthome.com\/es\/wp-json\/wp\/v2\/types\/product"}],"replies":[{"embeddable":true,"href":"https:\/\/silenthome.com\/es\/wp-json\/wp\/v2\/comments?post=4517"}],"wp:featuredmedia":[{"embeddable":true,"href":"https:\/\/silenthome.com\/es\/wp-json\/wp\/v2\/media\/7049"}],"wp:attachment":[{"href":"https:\/\/silenthome.com\/es\/wp-json\/wp\/v2\/media?parent=4517"}],"wp:term":[{"taxonomy":"product_brand","embeddable":true,"href":"https:\/\/silenthome.com\/es\/wp-json\/wp\/v2\/product_brand?post=4517"},{"taxonomy":"product_cat","embeddable":true,"href":"https:\/\/silenthome.com\/es\/wp-json\/wp\/v2\/product_cat?post=4517"},{"taxonomy":"product_tag","embeddable":true,"href":"https:\/\/silenthome.com\/es\/wp-json\/wp\/v2\/product_tag?post=4517"}],"curies":[{"name":"wp","href":"https:\/\/api.w.org\/{rel}","templated":true}]}}