{"id":4513,"date":"2024-10-15T13:25:52","date_gmt":"2024-10-15T12:25:52","guid":{"rendered":"https:\/\/silenthome.com\/produto\/mesa-de-apoio-esfera-em-prateado\/"},"modified":"2026-04-01T23:33:08","modified_gmt":"2026-04-01T22:33:08","slug":"mesa-de-apoio-esfera-em-prateado","status":"publish","type":"product","link":"https:\/\/silenthome.com\/es\/producto\/mesa-de-apoio-esfera-em-prateado\/","title":{"rendered":"MESA AUXILIAR SPHERE EN PLATA"},"content":{"rendered":"","protected":false},"excerpt":{"rendered":"<p>La mesa auxiliar Esfera presenta una base alta plateada con un <strong>dise\u00f1o moderno<\/strong> y diferente de lo com\u00fan con su tablero de cristal oscuro. Perfecta para ser utilizada junto a sof\u00e1s o sillas, ofreciendo un ambiente m\u00e1s confortable. <strong>c\u00f3modo lugar para colocar objetos cotidianos o decorativos<\/strong>. Con su <strong>dise\u00f1o elegante<\/strong> y acabado plateado, esta mesa a\u00f1ade un toque de <strong>glamour y funcionalidad<\/strong> espacios.<\/p>","protected":false},"featured_media":7029,"comment_status":"open","ping_status":"closed","template":"","meta":{"_acf_changed":false},"product_brand":[],"product_cat":[62,61,164],"product_tag":[],"class_list":{"0":"post-4513","1":"product","2":"type-product","3":"status-publish","4":"has-post-thumbnail","6":"product_cat-mesas-de-centro-e-apoio","7":"product_cat-mobiliario","8":"product_cat-promocoes","10":"first","11":"outofstock","12":"taxable","13":"shipping-taxable","14":"purchasable","15":"product-type-simple"},"acf":[],"aioseo_notices":[],"_links":{"self":[{"href":"https:\/\/silenthome.com\/es\/wp-json\/wp\/v2\/product\/4513","targetHints":{"allow":["GET"]}}],"collection":[{"href":"https:\/\/silenthome.com\/es\/wp-json\/wp\/v2\/product"}],"about":[{"href":"https:\/\/silenthome.com\/es\/wp-json\/wp\/v2\/types\/product"}],"replies":[{"embeddable":true,"href":"https:\/\/silenthome.com\/es\/wp-json\/wp\/v2\/comments?post=4513"}],"wp:featuredmedia":[{"embeddable":true,"href":"https:\/\/silenthome.com\/es\/wp-json\/wp\/v2\/media\/7029"}],"wp:attachment":[{"href":"https:\/\/silenthome.com\/es\/wp-json\/wp\/v2\/media?parent=4513"}],"wp:term":[{"taxonomy":"product_brand","embeddable":true,"href":"https:\/\/silenthome.com\/es\/wp-json\/wp\/v2\/product_brand?post=4513"},{"taxonomy":"product_cat","embeddable":true,"href":"https:\/\/silenthome.com\/es\/wp-json\/wp\/v2\/product_cat?post=4513"},{"taxonomy":"product_tag","embeddable":true,"href":"https:\/\/silenthome.com\/es\/wp-json\/wp\/v2\/product_tag?post=4513"}],"curies":[{"name":"wp","href":"https:\/\/api.w.org\/{rel}","templated":true}]}}