{"id":4499,"date":"2024-10-15T13:13:10","date_gmt":"2024-10-15T12:13:10","guid":{"rendered":"https:\/\/silenthome.com\/produto\/wave-espelho-com-ondas\/"},"modified":"2025-11-20T17:19:50","modified_gmt":"2025-11-20T17:19:50","slug":"wave-espelho-com-ondas","status":"publish","type":"product","link":"https:\/\/silenthome.com\/es\/producto\/wave-espelho-com-ondas\/","title":{"rendered":"ONDA, ESPEJO CON ONDAS"},"content":{"rendered":"","protected":false},"excerpt":{"rendered":"<p>El espejo Wave es una pieza de dise\u00f1o que destaca por su <strong>forma fluida y moderna<\/strong>. Inspirado en suaves ondulaciones, tiene una est\u00e9tica \u00fanica que evoca movimiento y dinamismo. Con sus contornos org\u00e1nicos y la ausencia de un marco tradicional, el espejo Wave es una opci\u00f3n ideal para quienes buscan un toque de color. <strong>contempor\u00e1neo y art\u00edstico<\/strong> en su decoraci\u00f3n. Este espejo no s\u00f3lo <strong>ampl\u00eda el medio ambiente<\/strong>Tambi\u00e9n sirve como pieza de acento que a\u00f1ade elegancia y originalidad a cualquier espacio.<\/p>","protected":false},"featured_media":4130,"comment_status":"open","ping_status":"closed","template":"","meta":{"_acf_changed":false},"product_brand":[],"product_cat":[90,61],"product_tag":[],"class_list":{"0":"post-4499","1":"product","2":"type-product","3":"status-publish","4":"has-post-thumbnail","6":"product_cat-espelhos","7":"product_cat-mobiliario","9":"first","10":"instock","11":"taxable","12":"shipping-taxable","13":"purchasable","14":"product-type-simple"},"acf":[],"aioseo_notices":[],"_links":{"self":[{"href":"https:\/\/silenthome.com\/es\/wp-json\/wp\/v2\/product\/4499","targetHints":{"allow":["GET"]}}],"collection":[{"href":"https:\/\/silenthome.com\/es\/wp-json\/wp\/v2\/product"}],"about":[{"href":"https:\/\/silenthome.com\/es\/wp-json\/wp\/v2\/types\/product"}],"replies":[{"embeddable":true,"href":"https:\/\/silenthome.com\/es\/wp-json\/wp\/v2\/comments?post=4499"}],"wp:featuredmedia":[{"embeddable":true,"href":"https:\/\/silenthome.com\/es\/wp-json\/wp\/v2\/media\/4130"}],"wp:attachment":[{"href":"https:\/\/silenthome.com\/es\/wp-json\/wp\/v2\/media?parent=4499"}],"wp:term":[{"taxonomy":"product_brand","embeddable":true,"href":"https:\/\/silenthome.com\/es\/wp-json\/wp\/v2\/product_brand?post=4499"},{"taxonomy":"product_cat","embeddable":true,"href":"https:\/\/silenthome.com\/es\/wp-json\/wp\/v2\/product_cat?post=4499"},{"taxonomy":"product_tag","embeddable":true,"href":"https:\/\/silenthome.com\/es\/wp-json\/wp\/v2\/product_tag?post=4499"}],"curies":[{"name":"wp","href":"https:\/\/api.w.org\/{rel}","templated":true}]}}