{"id":4489,"date":"2024-10-15T13:12:50","date_gmt":"2024-10-15T12:12:50","guid":{"rendered":"https:\/\/silenthome.com\/produto\/delfim-branco-flor-artificial\/"},"modified":"2025-07-17T17:18:05","modified_gmt":"2025-07-17T16:18:05","slug":"delfim-branco-flor-artificial","status":"publish","type":"product","link":"https:\/\/silenthome.com\/es\/producto\/delfim-branco-flor-artificial\/","title":{"rendered":"MARFIL BLANCO, FLOR ARTIFICIAL"},"content":{"rendered":"","protected":false},"excerpt":{"rendered":"<p>Transforme cualquier espacio con la delicadeza y el encanto de nuestras flores artificiales. Cuidadosamente dise\u00f1adas para reproducir con realismo los colores, texturas y formas de las flores naturales, estas piezas decorativas son ideales para quienes buscan un toque de frescura y sofisticaci\u00f3n. <strong>Perfectas para arreglos florales, centros de mesa o peque\u00f1os acentos decorativos, nuestras flores artificiales se adaptan a diferentes estilos de interior, <\/strong>del cl\u00e1sico al contempor\u00e1neo, ofreciendo una soluci\u00f3n duradera y vers\u00e1til para decorar su hogar o su entorno profesional.<\/p>","protected":false},"featured_media":9608,"comment_status":"open","ping_status":"closed","template":"","meta":{"_acf_changed":false},"product_brand":[],"product_cat":[73,104],"product_tag":[],"class_list":{"0":"post-4489","1":"product","2":"type-product","3":"status-publish","4":"has-post-thumbnail","6":"product_cat-decoracao","7":"product_cat-plantas-e-flores-artificiais","9":"first","10":"instock","11":"taxable","12":"shipping-taxable","13":"purchasable","14":"product-type-simple"},"acf":[],"aioseo_notices":[],"_links":{"self":[{"href":"https:\/\/silenthome.com\/es\/wp-json\/wp\/v2\/product\/4489","targetHints":{"allow":["GET"]}}],"collection":[{"href":"https:\/\/silenthome.com\/es\/wp-json\/wp\/v2\/product"}],"about":[{"href":"https:\/\/silenthome.com\/es\/wp-json\/wp\/v2\/types\/product"}],"replies":[{"embeddable":true,"href":"https:\/\/silenthome.com\/es\/wp-json\/wp\/v2\/comments?post=4489"}],"wp:featuredmedia":[{"embeddable":true,"href":"https:\/\/silenthome.com\/es\/wp-json\/wp\/v2\/media\/9608"}],"wp:attachment":[{"href":"https:\/\/silenthome.com\/es\/wp-json\/wp\/v2\/media?parent=4489"}],"wp:term":[{"taxonomy":"product_brand","embeddable":true,"href":"https:\/\/silenthome.com\/es\/wp-json\/wp\/v2\/product_brand?post=4489"},{"taxonomy":"product_cat","embeddable":true,"href":"https:\/\/silenthome.com\/es\/wp-json\/wp\/v2\/product_cat?post=4489"},{"taxonomy":"product_tag","embeddable":true,"href":"https:\/\/silenthome.com\/es\/wp-json\/wp\/v2\/product_tag?post=4489"}],"curies":[{"name":"wp","href":"https:\/\/api.w.org\/{rel}","templated":true}]}}