{"id":4486,"date":"2024-10-15T13:12:44","date_gmt":"2024-10-15T12:12:44","guid":{"rendered":"https:\/\/silenthome.com\/produto\/zanzibar-grand-planta-artificial\/"},"modified":"2025-07-17T17:44:15","modified_gmt":"2025-07-17T16:44:15","slug":"zanzibar-grand-planta-artificial","status":"publish","type":"product","link":"https:\/\/silenthome.com\/es\/producto\/zanzibar-grand-planta-artificial\/","title":{"rendered":"ZANZIBAR GRAND, PLANTA ARTIFICIAL"},"content":{"rendered":"","protected":false},"excerpt":{"rendered":"<p>A\u00f1ada un toque de naturaleza y frescura a sus espacios con nuestras plantas artificiales, dise\u00f1adas para combinar belleza y practicidad. Con un cuidado acabado que reproduce fielmente los detalles de las plantas naturales, estas piezas decorativas son perfectas para quienes valoran los ambientes acogedores.<strong> Ideales para interiores, las plantas artificiales son una soluci\u00f3n duradera que se adapta a cualquier estilo de decoraci\u00f3n<\/strong>Se pueden utilizar desde en ambientes minimalistas hasta en espacios m\u00e1s tropicales, lo que permite crear arreglos \u00fanicos o destacar individualmente. <strong>Una elecci\u00f3n vers\u00e1til, pr\u00e1ctica y siempre verde.<\/strong><\/p>","protected":false},"featured_media":9625,"comment_status":"open","ping_status":"closed","template":"","meta":{"_acf_changed":false},"product_brand":[],"product_cat":[73,104],"product_tag":[],"class_list":{"0":"post-4486","1":"product","2":"type-product","3":"status-publish","4":"has-post-thumbnail","6":"product_cat-decoracao","7":"product_cat-plantas-e-flores-artificiais","9":"first","10":"instock","11":"taxable","12":"shipping-taxable","13":"purchasable","14":"product-type-simple"},"acf":[],"aioseo_notices":[],"_links":{"self":[{"href":"https:\/\/silenthome.com\/es\/wp-json\/wp\/v2\/product\/4486","targetHints":{"allow":["GET"]}}],"collection":[{"href":"https:\/\/silenthome.com\/es\/wp-json\/wp\/v2\/product"}],"about":[{"href":"https:\/\/silenthome.com\/es\/wp-json\/wp\/v2\/types\/product"}],"replies":[{"embeddable":true,"href":"https:\/\/silenthome.com\/es\/wp-json\/wp\/v2\/comments?post=4486"}],"wp:featuredmedia":[{"embeddable":true,"href":"https:\/\/silenthome.com\/es\/wp-json\/wp\/v2\/media\/9625"}],"wp:attachment":[{"href":"https:\/\/silenthome.com\/es\/wp-json\/wp\/v2\/media?parent=4486"}],"wp:term":[{"taxonomy":"product_brand","embeddable":true,"href":"https:\/\/silenthome.com\/es\/wp-json\/wp\/v2\/product_brand?post=4486"},{"taxonomy":"product_cat","embeddable":true,"href":"https:\/\/silenthome.com\/es\/wp-json\/wp\/v2\/product_cat?post=4486"},{"taxonomy":"product_tag","embeddable":true,"href":"https:\/\/silenthome.com\/es\/wp-json\/wp\/v2\/product_tag?post=4486"}],"curies":[{"name":"wp","href":"https:\/\/api.w.org\/{rel}","templated":true}]}}