{"id":4485,"date":"2024-10-15T13:12:42","date_gmt":"2024-10-15T12:12:42","guid":{"rendered":"https:\/\/silenthome.com\/produto\/magnolia-flores-artificiais\/"},"modified":"2025-07-17T17:46:02","modified_gmt":"2025-07-17T16:46:02","slug":"magnolia-flores-artificiais","status":"publish","type":"product","link":"https:\/\/silenthome.com\/es\/producto\/magnolia-flores-artificiais\/","title":{"rendered":"MAGNOLIA, FLORES ARTIFICIALES"},"content":{"rendered":"","protected":false},"excerpt":{"rendered":"<p>Transforme cualquier espacio con la delicadeza y el encanto de nuestras flores artificiales. Cuidadosamente dise\u00f1adas para reproducir con realismo los colores, texturas y formas de las flores naturales, estas piezas decorativas son ideales para quienes buscan un toque de frescura y sofisticaci\u00f3n. <strong>Perfectas para arreglos florales, centros de mesa o peque\u00f1os acentos decorativos, nuestras flores artificiales se adaptan a diferentes estilos de interior, <\/strong>del cl\u00e1sico al contempor\u00e1neo, ofreciendo una soluci\u00f3n duradera y vers\u00e1til para decorar su hogar o su entorno profesional.<\/p>","protected":false},"featured_media":9622,"comment_status":"open","ping_status":"closed","template":"","meta":{"_acf_changed":false},"product_brand":[],"product_cat":[73,104],"product_tag":[],"class_list":{"0":"post-4485","1":"product","2":"type-product","3":"status-publish","4":"has-post-thumbnail","6":"product_cat-decoracao","7":"product_cat-plantas-e-flores-artificiais","9":"first","10":"instock","11":"taxable","12":"shipping-taxable","13":"purchasable","14":"product-type-simple"},"acf":[],"aioseo_notices":[],"_links":{"self":[{"href":"https:\/\/silenthome.com\/es\/wp-json\/wp\/v2\/product\/4485","targetHints":{"allow":["GET"]}}],"collection":[{"href":"https:\/\/silenthome.com\/es\/wp-json\/wp\/v2\/product"}],"about":[{"href":"https:\/\/silenthome.com\/es\/wp-json\/wp\/v2\/types\/product"}],"replies":[{"embeddable":true,"href":"https:\/\/silenthome.com\/es\/wp-json\/wp\/v2\/comments?post=4485"}],"wp:featuredmedia":[{"embeddable":true,"href":"https:\/\/silenthome.com\/es\/wp-json\/wp\/v2\/media\/9622"}],"wp:attachment":[{"href":"https:\/\/silenthome.com\/es\/wp-json\/wp\/v2\/media?parent=4485"}],"wp:term":[{"taxonomy":"product_brand","embeddable":true,"href":"https:\/\/silenthome.com\/es\/wp-json\/wp\/v2\/product_brand?post=4485"},{"taxonomy":"product_cat","embeddable":true,"href":"https:\/\/silenthome.com\/es\/wp-json\/wp\/v2\/product_cat?post=4485"},{"taxonomy":"product_tag","embeddable":true,"href":"https:\/\/silenthome.com\/es\/wp-json\/wp\/v2\/product_tag?post=4485"}],"curies":[{"name":"wp","href":"https:\/\/api.w.org\/{rel}","templated":true}]}}