{"id":4478,"date":"2024-10-15T13:12:26","date_gmt":"2024-10-15T12:12:26","guid":{"rendered":"https:\/\/silenthome.com\/produto\/pompeia-vaso-em-ceramica-em-tons-verdes-70x30cm\/"},"modified":"2025-06-27T14:38:58","modified_gmt":"2025-06-27T13:38:58","slug":"pompeia-vaso-em-ceramica-em-tons-verdes-70x30cm","status":"publish","type":"product","link":"https:\/\/silenthome.com\/es\/producto\/pompeia-vaso-em-ceramica-em-tons-verdes-70x30cm\/","title":{"rendered":"POMPEIA, JARRON DE CERAMICA EN TONO VERDE 70x30cm"},"content":{"rendered":"","protected":false},"excerpt":{"rendered":"<p>Descubra la gama de jarrones POMPEIA, fabricados con\u00a0<strong>gres<\/strong>\u00a0con\u00a0<strong>acabado del esmalte<\/strong>\u00a0en diferentes tonos de verde.<\/p>\n<p>Cada pieza es una obra de\u00a0<strong>arte \u00fanico<\/strong>con texturas y matices que var\u00edan seg\u00fan el proceso de esmaltado, garantizando que cada jarr\u00f3n sea\u00a0<strong>exclusivo<\/strong>. Disponibles en tres tama\u00f1os diferentes, los jarrones POMPEIA a\u00f1aden un toque de\u00a0<strong>sofisticaci\u00f3n<\/strong>\u00a0e\u00a0<strong>originalidad<\/strong>\u00a0a cualquier ambiente, combinando la belleza natural del gres con un dise\u00f1o distintivo y elegante.<\/p>","protected":false},"featured_media":4099,"comment_status":"open","ping_status":"closed","template":"","meta":{"_acf_changed":false},"product_brand":[],"product_cat":[73,83],"product_tag":[],"class_list":{"0":"post-4478","1":"product","2":"type-product","3":"status-publish","4":"has-post-thumbnail","6":"product_cat-decoracao","7":"product_cat-jarras","9":"first","10":"instock","11":"taxable","12":"shipping-taxable","13":"purchasable","14":"product-type-simple"},"acf":[],"aioseo_notices":[],"_links":{"self":[{"href":"https:\/\/silenthome.com\/es\/wp-json\/wp\/v2\/product\/4478","targetHints":{"allow":["GET"]}}],"collection":[{"href":"https:\/\/silenthome.com\/es\/wp-json\/wp\/v2\/product"}],"about":[{"href":"https:\/\/silenthome.com\/es\/wp-json\/wp\/v2\/types\/product"}],"replies":[{"embeddable":true,"href":"https:\/\/silenthome.com\/es\/wp-json\/wp\/v2\/comments?post=4478"}],"wp:featuredmedia":[{"embeddable":true,"href":"https:\/\/silenthome.com\/es\/wp-json\/wp\/v2\/media\/4099"}],"wp:attachment":[{"href":"https:\/\/silenthome.com\/es\/wp-json\/wp\/v2\/media?parent=4478"}],"wp:term":[{"taxonomy":"product_brand","embeddable":true,"href":"https:\/\/silenthome.com\/es\/wp-json\/wp\/v2\/product_brand?post=4478"},{"taxonomy":"product_cat","embeddable":true,"href":"https:\/\/silenthome.com\/es\/wp-json\/wp\/v2\/product_cat?post=4478"},{"taxonomy":"product_tag","embeddable":true,"href":"https:\/\/silenthome.com\/es\/wp-json\/wp\/v2\/product_tag?post=4478"}],"curies":[{"name":"wp","href":"https:\/\/api.w.org\/{rel}","templated":true}]}}