{"id":4473,"date":"2024-10-15T13:12:16","date_gmt":"2024-10-15T12:12:16","guid":{"rendered":"https:\/\/silenthome.com\/produto\/athenas-vaso-em-ceramica-30x25cm-2\/"},"modified":"2025-05-30T11:05:24","modified_gmt":"2025-05-30T10:05:24","slug":"athenas-vaso-em-ceramica-30x25cm-2","status":"publish","type":"product","link":"https:\/\/silenthome.com\/es\/producto\/athenas-vaso-em-ceramica-30x25cm-2\/","title":{"rendered":"ATENAS, jarr\u00f3n de cer\u00e1mica 30x25cm"},"content":{"rendered":"","protected":false},"excerpt":{"rendered":"<p>Descubra la gama de jarrones y jarras Athenas, fabricados con <strong>gres<\/strong> y disponible en <strong>varios<\/strong> <strong>dimensiones<\/strong> e <strong>formas<\/strong>.<\/p>\n<p>Cada pieza tiene un acabado r\u00fastico con <strong>textura rayada<\/strong> en marr\u00f3n y blanco, ofreciendo un encantador <strong>\u00fanico<\/strong> e <strong>aut\u00e9ntico<\/strong>. A <strong>unicidad<\/strong> de cada maceta y jarr\u00f3n le garantiza un art\u00edculo realmente exclusivo para enriquecer su decoraci\u00f3n. Perfectos para exponer sus plantas o como piezas decorativas, los jarrones y jarras Athenas aportan un toque de <strong>elegancia r\u00fastica<\/strong> e individualidad a tu espacio.<\/p>","protected":false},"featured_media":4091,"comment_status":"open","ping_status":"closed","template":"","meta":{"_acf_changed":false},"product_brand":[],"product_cat":[73,83],"product_tag":[],"class_list":{"0":"post-4473","1":"product","2":"type-product","3":"status-publish","4":"has-post-thumbnail","6":"product_cat-decoracao","7":"product_cat-jarras","9":"first","10":"instock","11":"taxable","12":"shipping-taxable","13":"purchasable","14":"product-type-simple"},"acf":[],"aioseo_notices":[],"_links":{"self":[{"href":"https:\/\/silenthome.com\/es\/wp-json\/wp\/v2\/product\/4473","targetHints":{"allow":["GET"]}}],"collection":[{"href":"https:\/\/silenthome.com\/es\/wp-json\/wp\/v2\/product"}],"about":[{"href":"https:\/\/silenthome.com\/es\/wp-json\/wp\/v2\/types\/product"}],"replies":[{"embeddable":true,"href":"https:\/\/silenthome.com\/es\/wp-json\/wp\/v2\/comments?post=4473"}],"wp:featuredmedia":[{"embeddable":true,"href":"https:\/\/silenthome.com\/es\/wp-json\/wp\/v2\/media\/4091"}],"wp:attachment":[{"href":"https:\/\/silenthome.com\/es\/wp-json\/wp\/v2\/media?parent=4473"}],"wp:term":[{"taxonomy":"product_brand","embeddable":true,"href":"https:\/\/silenthome.com\/es\/wp-json\/wp\/v2\/product_brand?post=4473"},{"taxonomy":"product_cat","embeddable":true,"href":"https:\/\/silenthome.com\/es\/wp-json\/wp\/v2\/product_cat?post=4473"},{"taxonomy":"product_tag","embeddable":true,"href":"https:\/\/silenthome.com\/es\/wp-json\/wp\/v2\/product_tag?post=4473"}],"curies":[{"name":"wp","href":"https:\/\/api.w.org\/{rel}","templated":true}]}}