{"id":4472,"date":"2024-10-15T13:12:14","date_gmt":"2024-10-15T12:12:14","guid":{"rendered":"https:\/\/silenthome.com\/produto\/athenas-vaso-em-ceramica-20x23cm\/"},"modified":"2025-11-20T17:19:47","modified_gmt":"2025-11-20T17:19:47","slug":"athenas-vaso-em-ceramica-20x23cm","status":"publish","type":"product","link":"https:\/\/silenthome.com\/es\/producto\/athenas-vaso-em-ceramica-20x23cm\/","title":{"rendered":"ATENAS, jarr\u00f3n de cer\u00e1mica 20x23cm"},"content":{"rendered":"","protected":false},"excerpt":{"rendered":"<p>Descubra la gama de jarrones y jarras Athenas, fabricados con\u00a0<strong>gres<\/strong>\u00a0y disponible en\u00a0<strong>varios<\/strong>\u00a0<strong>dimensiones<\/strong>\u00a0e\u00a0<strong>formas<\/strong>.<\/p>\n<p>Cada pieza tiene un acabado r\u00fastico con\u00a0<strong>textura rayada<\/strong>\u00a0en marr\u00f3n y blanco, ofreciendo un encantador\u00a0<strong>\u00fanico<\/strong>\u00a0e\u00a0<strong>aut\u00e9ntico<\/strong>. A\u00a0<strong>unicidad<\/strong>\u00a0de cada maceta y jarr\u00f3n le garantiza un art\u00edculo realmente exclusivo para enriquecer su decoraci\u00f3n. Perfectos para exponer sus plantas o como piezas decorativas, los jarrones y jarras Athenas aportan un toque de\u00a0<strong>elegancia r\u00fastica<\/strong>\u00a0e individualidad a tu espacio.<\/p>","protected":false},"featured_media":4089,"comment_status":"open","ping_status":"closed","template":"","meta":{"_acf_changed":false},"product_brand":[],"product_cat":[73,83],"product_tag":[],"class_list":{"0":"post-4472","1":"product","2":"type-product","3":"status-publish","4":"has-post-thumbnail","6":"product_cat-decoracao","7":"product_cat-jarras","9":"first","10":"instock","11":"taxable","12":"shipping-taxable","13":"purchasable","14":"product-type-simple"},"acf":[],"aioseo_notices":[],"_links":{"self":[{"href":"https:\/\/silenthome.com\/es\/wp-json\/wp\/v2\/product\/4472","targetHints":{"allow":["GET"]}}],"collection":[{"href":"https:\/\/silenthome.com\/es\/wp-json\/wp\/v2\/product"}],"about":[{"href":"https:\/\/silenthome.com\/es\/wp-json\/wp\/v2\/types\/product"}],"replies":[{"embeddable":true,"href":"https:\/\/silenthome.com\/es\/wp-json\/wp\/v2\/comments?post=4472"}],"wp:featuredmedia":[{"embeddable":true,"href":"https:\/\/silenthome.com\/es\/wp-json\/wp\/v2\/media\/4089"}],"wp:attachment":[{"href":"https:\/\/silenthome.com\/es\/wp-json\/wp\/v2\/media?parent=4472"}],"wp:term":[{"taxonomy":"product_brand","embeddable":true,"href":"https:\/\/silenthome.com\/es\/wp-json\/wp\/v2\/product_brand?post=4472"},{"taxonomy":"product_cat","embeddable":true,"href":"https:\/\/silenthome.com\/es\/wp-json\/wp\/v2\/product_cat?post=4472"},{"taxonomy":"product_tag","embeddable":true,"href":"https:\/\/silenthome.com\/es\/wp-json\/wp\/v2\/product_tag?post=4472"}],"curies":[{"name":"wp","href":"https:\/\/api.w.org\/{rel}","templated":true}]}}