{"id":4462,"date":"2024-10-15T13:11:54","date_gmt":"2024-10-15T12:11:54","guid":{"rendered":"https:\/\/silenthome.com\/produto\/roma-jarra-em-ceramica-40x30cm\/"},"modified":"2025-05-30T11:49:05","modified_gmt":"2025-05-30T10:49:05","slug":"roma-jarra-em-ceramica-40x30cm","status":"publish","type":"product","link":"https:\/\/silenthome.com\/es\/producto\/roma-jarra-em-ceramica-40x30cm\/","title":{"rendered":"TARRO DE CER\u00c1MICA ROMA 40x30cm"},"content":{"rendered":"","protected":false},"excerpt":{"rendered":"<p>ROMA una jarra de gres en tonos marrones a\u00f1ade un toque de color. <strong>rusticidad<\/strong> e <strong>elegancia<\/strong> a cualquier ambiente. Su acabado texturizado y su paleta de colores <strong>colores terrosos<\/strong> evocan la sensaci\u00f3n de naturaleza y tradici\u00f3n, convirti\u00e9ndolo en un <strong>pieza vers\u00e1til<\/strong>El jarr\u00f3n de gres es perfecto tanto para ambientes modernos como para una decoraci\u00f3n m\u00e1s tradicional. Ideal para arreglos de flores frescas o secas, el jarr\u00f3n de gres es una pieza que aporta calidez y acogimiento, complementando sutilmente la decoraci\u00f3n de su hogar.<\/p>","protected":false},"featured_media":4069,"comment_status":"open","ping_status":"closed","template":"","meta":{"_acf_changed":false},"product_brand":[],"product_cat":[73,83],"product_tag":[],"class_list":{"0":"post-4462","1":"product","2":"type-product","3":"status-publish","4":"has-post-thumbnail","6":"product_cat-decoracao","7":"product_cat-jarras","9":"first","10":"instock","11":"taxable","12":"shipping-taxable","13":"purchasable","14":"product-type-simple"},"acf":[],"aioseo_notices":[],"_links":{"self":[{"href":"https:\/\/silenthome.com\/es\/wp-json\/wp\/v2\/product\/4462","targetHints":{"allow":["GET"]}}],"collection":[{"href":"https:\/\/silenthome.com\/es\/wp-json\/wp\/v2\/product"}],"about":[{"href":"https:\/\/silenthome.com\/es\/wp-json\/wp\/v2\/types\/product"}],"replies":[{"embeddable":true,"href":"https:\/\/silenthome.com\/es\/wp-json\/wp\/v2\/comments?post=4462"}],"wp:featuredmedia":[{"embeddable":true,"href":"https:\/\/silenthome.com\/es\/wp-json\/wp\/v2\/media\/4069"}],"wp:attachment":[{"href":"https:\/\/silenthome.com\/es\/wp-json\/wp\/v2\/media?parent=4462"}],"wp:term":[{"taxonomy":"product_brand","embeddable":true,"href":"https:\/\/silenthome.com\/es\/wp-json\/wp\/v2\/product_brand?post=4462"},{"taxonomy":"product_cat","embeddable":true,"href":"https:\/\/silenthome.com\/es\/wp-json\/wp\/v2\/product_cat?post=4462"},{"taxonomy":"product_tag","embeddable":true,"href":"https:\/\/silenthome.com\/es\/wp-json\/wp\/v2\/product_tag?post=4462"}],"curies":[{"name":"wp","href":"https:\/\/api.w.org\/{rel}","templated":true}]}}