{"id":4461,"date":"2024-10-15T13:11:53","date_gmt":"2024-10-15T12:11:53","guid":{"rendered":"https:\/\/silenthome.com\/produto\/painel-de-parede-iridiscente\/"},"modified":"2026-04-28T12:07:28","modified_gmt":"2026-04-28T11:07:28","slug":"painel-de-parede-iridiscente","status":"publish","type":"product","link":"https:\/\/silenthome.com\/es\/producto\/painel-de-parede-iridiscente\/","title":{"rendered":"PANEL MURAL IRIDISCENTE"},"content":{"rendered":"","protected":false},"excerpt":{"rendered":"<p>Con un di\u00e1metro de 72 cm y un acabado iridiscente multicolor que cambia en funci\u00f3n de la luz, esta pieza de arte mural de metal es un aut\u00e9ntico punto de atracci\u00f3n visual. Perfecta para crear un punto focal en cualquier habitaci\u00f3n, la pieza refleja una vibrante paleta de colores que se transforman seg\u00fan la perspectiva, a\u00f1adiendo profundidad y dinamismo a su espacio. Elegante y contempor\u00e1nea, esta obra de arte es ideal para quienes desean a\u00f1adir personalidad y sofisticaci\u00f3n a su decoraci\u00f3n, creando un ambiente \u00fanico y atractivo.<\/p>","protected":false},"featured_media":3987,"comment_status":"open","ping_status":"closed","template":"","meta":{"_acf_changed":false},"product_brand":[],"product_cat":[71],"product_tag":[],"class_list":{"0":"post-4461","1":"product","2":"type-product","3":"status-publish","4":"has-post-thumbnail","6":"product_cat-arte","8":"first","9":"outofstock","10":"taxable","11":"shipping-taxable","12":"purchasable","13":"product-type-simple"},"acf":[],"aioseo_notices":[],"_links":{"self":[{"href":"https:\/\/silenthome.com\/es\/wp-json\/wp\/v2\/product\/4461","targetHints":{"allow":["GET"]}}],"collection":[{"href":"https:\/\/silenthome.com\/es\/wp-json\/wp\/v2\/product"}],"about":[{"href":"https:\/\/silenthome.com\/es\/wp-json\/wp\/v2\/types\/product"}],"replies":[{"embeddable":true,"href":"https:\/\/silenthome.com\/es\/wp-json\/wp\/v2\/comments?post=4461"}],"wp:featuredmedia":[{"embeddable":true,"href":"https:\/\/silenthome.com\/es\/wp-json\/wp\/v2\/media\/3987"}],"wp:attachment":[{"href":"https:\/\/silenthome.com\/es\/wp-json\/wp\/v2\/media?parent=4461"}],"wp:term":[{"taxonomy":"product_brand","embeddable":true,"href":"https:\/\/silenthome.com\/es\/wp-json\/wp\/v2\/product_brand?post=4461"},{"taxonomy":"product_cat","embeddable":true,"href":"https:\/\/silenthome.com\/es\/wp-json\/wp\/v2\/product_cat?post=4461"},{"taxonomy":"product_tag","embeddable":true,"href":"https:\/\/silenthome.com\/es\/wp-json\/wp\/v2\/product_tag?post=4461"}],"curies":[{"name":"wp","href":"https:\/\/api.w.org\/{rel}","templated":true}]}}