{"id":4455,"date":"2024-10-15T13:11:41","date_gmt":"2024-10-15T12:11:41","guid":{"rendered":"https:\/\/silenthome.com\/produto\/sena-pedestal-marmore-branco-45x80x45cm\/"},"modified":"2025-11-20T17:19:43","modified_gmt":"2025-11-20T17:19:43","slug":"sena-pedestal-marmore-branco-45x80x45cm","status":"publish","type":"product","link":"https:\/\/silenthome.com\/es\/producto\/sena-pedestal-marmore-branco-45x80x45cm\/","title":{"rendered":"SENA, PEDESTAL DE M\u00c1RMOL BLANCO 45x80x45cm"},"content":{"rendered":"","protected":false},"excerpt":{"rendered":"<p>La gama de pedestales SENA en <strong>m\u00e1rmol<\/strong> son la combinaci\u00f3n perfecta de funcionalidad y estilo. Disponibles en blanco, marr\u00f3n, negro, beige y topo, estos pedestales <strong>ofrecen versatilidad<\/strong> para complementar cualquier decoraci\u00f3n. Con una gran variedad de tama\u00f1os, son ideales para exponer plantas, esculturas u otros elementos decorativos, elevando el ambiente con su elegante presencia. Los pedestales SENA no son simples soportes, sino verdaderos elementos de dise\u00f1o que <strong>a\u00f1adir sofisticaci\u00f3n y equilibrio<\/strong> visual a tu espacio.<\/p>","protected":false},"featured_media":4270,"comment_status":"open","ping_status":"closed","template":"","meta":{"_acf_changed":false},"product_brand":[],"product_cat":[73,74],"product_tag":[],"class_list":{"0":"post-4455","1":"product","2":"type-product","3":"status-publish","4":"has-post-thumbnail","6":"product_cat-decoracao","7":"product_cat-objectos-decorativos","9":"first","10":"outofstock","11":"taxable","12":"shipping-taxable","13":"purchasable","14":"product-type-simple"},"acf":[],"aioseo_notices":[],"_links":{"self":[{"href":"https:\/\/silenthome.com\/es\/wp-json\/wp\/v2\/product\/4455","targetHints":{"allow":["GET"]}}],"collection":[{"href":"https:\/\/silenthome.com\/es\/wp-json\/wp\/v2\/product"}],"about":[{"href":"https:\/\/silenthome.com\/es\/wp-json\/wp\/v2\/types\/product"}],"replies":[{"embeddable":true,"href":"https:\/\/silenthome.com\/es\/wp-json\/wp\/v2\/comments?post=4455"}],"wp:featuredmedia":[{"embeddable":true,"href":"https:\/\/silenthome.com\/es\/wp-json\/wp\/v2\/media\/4270"}],"wp:attachment":[{"href":"https:\/\/silenthome.com\/es\/wp-json\/wp\/v2\/media?parent=4455"}],"wp:term":[{"taxonomy":"product_brand","embeddable":true,"href":"https:\/\/silenthome.com\/es\/wp-json\/wp\/v2\/product_brand?post=4455"},{"taxonomy":"product_cat","embeddable":true,"href":"https:\/\/silenthome.com\/es\/wp-json\/wp\/v2\/product_cat?post=4455"},{"taxonomy":"product_tag","embeddable":true,"href":"https:\/\/silenthome.com\/es\/wp-json\/wp\/v2\/product_tag?post=4455"}],"curies":[{"name":"wp","href":"https:\/\/api.w.org\/{rel}","templated":true}]}}