{"id":4444,"date":"2024-10-15T13:11:21","date_gmt":"2024-10-15T12:11:21","guid":{"rendered":"https:\/\/silenthome.com\/produto\/elysee-castical-redondo\/"},"modified":"2025-05-23T17:41:57","modified_gmt":"2025-05-23T16:41:57","slug":"elysee-castical-redondo","status":"publish","type":"product","link":"https:\/\/silenthome.com\/es\/producto\/elysee-castical-redondo\/","title":{"rendered":"ELYSEE, CANDELABRO REDONDO"},"content":{"rendered":"","protected":false},"excerpt":{"rendered":"<p>Descubra la sofisticaci\u00f3n del candelabro ELYSEE, una pieza que combina la elegancia de la madera clara con la sofisticaci\u00f3n del acero espejado. Con un <strong>\u00fanico y funcional<\/strong>ELYSEE no s\u00f3lo ilumina la estancia, sino que tambi\u00e9n sirve de exquisito realce decorativo. Su impecable acabado y <strong>estilo innovador<\/strong> lo convierten en una opci\u00f3n ideal para quienes buscan un toque de <strong>clase y originalidad<\/strong> en la decoraci\u00f3n.<\/p>","protected":false},"featured_media":4067,"comment_status":"open","ping_status":"closed","template":"","meta":{"_acf_changed":false},"product_brand":[],"product_cat":[84,73],"product_tag":[],"class_list":{"0":"post-4444","1":"product","2":"type-product","3":"status-publish","4":"has-post-thumbnail","6":"product_cat-casticais","7":"product_cat-decoracao","9":"first","10":"instock","11":"taxable","12":"shipping-taxable","13":"purchasable","14":"product-type-simple"},"acf":[],"aioseo_notices":[],"_links":{"self":[{"href":"https:\/\/silenthome.com\/es\/wp-json\/wp\/v2\/product\/4444","targetHints":{"allow":["GET"]}}],"collection":[{"href":"https:\/\/silenthome.com\/es\/wp-json\/wp\/v2\/product"}],"about":[{"href":"https:\/\/silenthome.com\/es\/wp-json\/wp\/v2\/types\/product"}],"replies":[{"embeddable":true,"href":"https:\/\/silenthome.com\/es\/wp-json\/wp\/v2\/comments?post=4444"}],"wp:featuredmedia":[{"embeddable":true,"href":"https:\/\/silenthome.com\/es\/wp-json\/wp\/v2\/media\/4067"}],"wp:attachment":[{"href":"https:\/\/silenthome.com\/es\/wp-json\/wp\/v2\/media?parent=4444"}],"wp:term":[{"taxonomy":"product_brand","embeddable":true,"href":"https:\/\/silenthome.com\/es\/wp-json\/wp\/v2\/product_brand?post=4444"},{"taxonomy":"product_cat","embeddable":true,"href":"https:\/\/silenthome.com\/es\/wp-json\/wp\/v2\/product_cat?post=4444"},{"taxonomy":"product_tag","embeddable":true,"href":"https:\/\/silenthome.com\/es\/wp-json\/wp\/v2\/product_tag?post=4444"}],"curies":[{"name":"wp","href":"https:\/\/api.w.org\/{rel}","templated":true}]}}