{"id":4429,"date":"2024-10-15T13:10:50","date_gmt":"2024-10-15T12:10:50","guid":{"rendered":"https:\/\/silenthome.com\/produto\/nando-conjunto-de-dois-bonecos-em-cristal\/"},"modified":"2025-10-29T18:48:36","modified_gmt":"2025-10-29T18:48:36","slug":"nando-conjunto-de-dois-bonecos-em-cristal","status":"publish","type":"product","link":"https:\/\/silenthome.com\/es\/producto\/nando-conjunto-de-dois-bonecos-em-cristal\/","title":{"rendered":"NANDO, JUEGO DE DOS MU\u00d1ECOS DE CRISTAL"},"content":{"rendered":"","protected":false},"excerpt":{"rendered":"<p>El juego de dos mu\u00f1ecas NANDO de cristal transparente es una delicada expresi\u00f3n de<strong> arte<\/strong> e <strong>elegancia<\/strong>. Con sus formas refinadas y la pureza del cristal, captan y reflejan la luz de forma deslumbrante, a\u00f1adiendo un toque extra de color. <strong>toque de sofisticaci\u00f3n<\/strong> a cualquier ambiente. Ideal como pieza decorativa o como regalo especial, este set combina<strong> sencillez<\/strong> e <strong>belleza<\/strong>creando una presencia llamativa y atemporal que enriquece su decoraci\u00f3n con un brillo sutil y encantador.<\/p>","protected":false},"featured_media":4033,"comment_status":"open","ping_status":"closed","template":"","meta":{"_acf_changed":false},"product_brand":[],"product_cat":[73,74],"product_tag":[],"class_list":{"0":"post-4429","1":"product","2":"type-product","3":"status-publish","4":"has-post-thumbnail","6":"product_cat-decoracao","7":"product_cat-objectos-decorativos","9":"first","10":"instock","11":"taxable","12":"shipping-taxable","13":"purchasable","14":"product-type-simple"},"acf":[],"aioseo_notices":[],"_links":{"self":[{"href":"https:\/\/silenthome.com\/es\/wp-json\/wp\/v2\/product\/4429","targetHints":{"allow":["GET"]}}],"collection":[{"href":"https:\/\/silenthome.com\/es\/wp-json\/wp\/v2\/product"}],"about":[{"href":"https:\/\/silenthome.com\/es\/wp-json\/wp\/v2\/types\/product"}],"replies":[{"embeddable":true,"href":"https:\/\/silenthome.com\/es\/wp-json\/wp\/v2\/comments?post=4429"}],"wp:featuredmedia":[{"embeddable":true,"href":"https:\/\/silenthome.com\/es\/wp-json\/wp\/v2\/media\/4033"}],"wp:attachment":[{"href":"https:\/\/silenthome.com\/es\/wp-json\/wp\/v2\/media?parent=4429"}],"wp:term":[{"taxonomy":"product_brand","embeddable":true,"href":"https:\/\/silenthome.com\/es\/wp-json\/wp\/v2\/product_brand?post=4429"},{"taxonomy":"product_cat","embeddable":true,"href":"https:\/\/silenthome.com\/es\/wp-json\/wp\/v2\/product_cat?post=4429"},{"taxonomy":"product_tag","embeddable":true,"href":"https:\/\/silenthome.com\/es\/wp-json\/wp\/v2\/product_tag?post=4429"}],"curies":[{"name":"wp","href":"https:\/\/api.w.org\/{rel}","templated":true}]}}