{"id":4426,"date":"2024-10-15T13:10:44","date_gmt":"2024-10-15T12:10:44","guid":{"rendered":"https:\/\/silenthome.com\/produto\/marie-grand-jarra-em-cristal\/"},"modified":"2025-05-20T13:54:01","modified_gmt":"2025-05-20T12:54:01","slug":"marie-grand-jarra-em-cristal","status":"publish","type":"product","link":"https:\/\/silenthome.com\/es\/producto\/marie-grand-jarra-em-cristal\/","title":{"rendered":"Marie Grand, Jarr\u00f3n de cristal"},"content":{"rendered":"","protected":false},"excerpt":{"rendered":"<p>El jarr\u00f3n de cristal MARIE es una pieza impresionante que combina <strong>sofisticaci\u00f3n<\/strong> e <strong>arte<\/strong>. Con un <strong>dise\u00f1o polifac\u00e9tico<\/strong>Refleja la luz de forma \u00fanica, creando un efecto resplandeciente que enriquece cualquier estancia. Sus l\u00edneas geom\u00e9tricas y su corte preciso confieren al jarr\u00f3n un aspecto \u00fanico. <strong>aspecto moderno<\/strong> e <strong>elegante<\/strong>Es un aut\u00e9ntico objeto de deseo para quienes aprecian las piezas decorativas refinadas. Ideal para servir con estilo o simplemente como pieza decorativa que a\u00f1ade un toque de lujo al espacio.<\/p>","protected":false},"featured_media":4027,"comment_status":"open","ping_status":"closed","template":"","meta":{"_acf_changed":false},"product_brand":[],"product_cat":[73,83],"product_tag":[],"class_list":{"0":"post-4426","1":"product","2":"type-product","3":"status-publish","4":"has-post-thumbnail","6":"product_cat-decoracao","7":"product_cat-jarras","9":"first","10":"instock","11":"taxable","12":"shipping-taxable","13":"purchasable","14":"product-type-simple"},"acf":[],"aioseo_notices":[],"_links":{"self":[{"href":"https:\/\/silenthome.com\/es\/wp-json\/wp\/v2\/product\/4426","targetHints":{"allow":["GET"]}}],"collection":[{"href":"https:\/\/silenthome.com\/es\/wp-json\/wp\/v2\/product"}],"about":[{"href":"https:\/\/silenthome.com\/es\/wp-json\/wp\/v2\/types\/product"}],"replies":[{"embeddable":true,"href":"https:\/\/silenthome.com\/es\/wp-json\/wp\/v2\/comments?post=4426"}],"wp:featuredmedia":[{"embeddable":true,"href":"https:\/\/silenthome.com\/es\/wp-json\/wp\/v2\/media\/4027"}],"wp:attachment":[{"href":"https:\/\/silenthome.com\/es\/wp-json\/wp\/v2\/media?parent=4426"}],"wp:term":[{"taxonomy":"product_brand","embeddable":true,"href":"https:\/\/silenthome.com\/es\/wp-json\/wp\/v2\/product_brand?post=4426"},{"taxonomy":"product_cat","embeddable":true,"href":"https:\/\/silenthome.com\/es\/wp-json\/wp\/v2\/product_cat?post=4426"},{"taxonomy":"product_tag","embeddable":true,"href":"https:\/\/silenthome.com\/es\/wp-json\/wp\/v2\/product_tag?post=4426"}],"curies":[{"name":"wp","href":"https:\/\/api.w.org\/{rel}","templated":true}]}}