{"id":4423,"date":"2024-10-15T13:10:39","date_gmt":"2024-10-15T12:10:39","guid":{"rendered":"https:\/\/silenthome.com\/produto\/square-medium-clear-cinzeiro-de-cristal\/"},"modified":"2025-05-29T18:06:08","modified_gmt":"2025-05-29T17:06:08","slug":"square-medium-clear-cinzeiro-de-cristal","status":"publish","type":"product","link":"https:\/\/silenthome.com\/es\/producto\/square-medium-clear-cinzeiro-de-cristal\/","title":{"rendered":"CENICERO CUADRADO MEDIANO DE CRISTAL TRANSPARENTE"},"content":{"rendered":"","protected":false},"excerpt":{"rendered":"<p>Transforme su entorno con el cenicero SQUARE de <strong>cristal<\/strong>Disponible en acabados gris, transparente, dorado y plateado, y en dos tama\u00f1os diferentes. Este elegante cenicero, de dise\u00f1o sofisticado y acabado refinado, a\u00f1ade un toque extra de color. <strong>toque de clase<\/strong> e <strong>funcionalidad<\/strong> a cualquier espacio. Ya sea para complementar su mesa de centro o aparador, sus opciones de acabado le permiten elegir el color que mejor se adapte a su decoraci\u00f3n, mientras que sus dimensiones vers\u00e1tiles garantizan un ajuste perfecto en cualquier entorno.<\/p>","protected":false},"featured_media":4020,"comment_status":"open","ping_status":"closed","template":"","meta":{"_acf_changed":false},"product_brand":[],"product_cat":[73,74],"product_tag":[],"class_list":{"0":"post-4423","1":"product","2":"type-product","3":"status-publish","4":"has-post-thumbnail","6":"product_cat-decoracao","7":"product_cat-objectos-decorativos","9":"first","10":"instock","11":"taxable","12":"shipping-taxable","13":"purchasable","14":"product-type-simple"},"acf":[],"aioseo_notices":[],"_links":{"self":[{"href":"https:\/\/silenthome.com\/es\/wp-json\/wp\/v2\/product\/4423","targetHints":{"allow":["GET"]}}],"collection":[{"href":"https:\/\/silenthome.com\/es\/wp-json\/wp\/v2\/product"}],"about":[{"href":"https:\/\/silenthome.com\/es\/wp-json\/wp\/v2\/types\/product"}],"replies":[{"embeddable":true,"href":"https:\/\/silenthome.com\/es\/wp-json\/wp\/v2\/comments?post=4423"}],"wp:featuredmedia":[{"embeddable":true,"href":"https:\/\/silenthome.com\/es\/wp-json\/wp\/v2\/media\/4020"}],"wp:attachment":[{"href":"https:\/\/silenthome.com\/es\/wp-json\/wp\/v2\/media?parent=4423"}],"wp:term":[{"taxonomy":"product_brand","embeddable":true,"href":"https:\/\/silenthome.com\/es\/wp-json\/wp\/v2\/product_brand?post=4423"},{"taxonomy":"product_cat","embeddable":true,"href":"https:\/\/silenthome.com\/es\/wp-json\/wp\/v2\/product_cat?post=4423"},{"taxonomy":"product_tag","embeddable":true,"href":"https:\/\/silenthome.com\/es\/wp-json\/wp\/v2\/product_tag?post=4423"}],"curies":[{"name":"wp","href":"https:\/\/api.w.org\/{rel}","templated":true}]}}