{"id":4411,"date":"2024-10-15T13:10:13","date_gmt":"2024-10-15T12:10:13","guid":{"rendered":"https:\/\/silenthome.com\/produto\/daily-medium-cinzento-cinzeiro-de-cristal\/"},"modified":"2026-01-21T15:57:08","modified_gmt":"2026-01-21T15:57:08","slug":"daily-medium-cinzento-cinzeiro-de-cristal","status":"publish","type":"product","link":"https:\/\/silenthome.com\/es\/producto\/daily-medium-cinzento-cinzeiro-de-cristal\/","title":{"rendered":"DIARIO GRIS MEDIO, CENICERO DE CRISTAL"},"content":{"rendered":"","protected":false},"excerpt":{"rendered":"<p>A\u00f1ada un toque de sofisticaci\u00f3n a su espacio vital con el cenicero de corte octogonal DAILY,<strong> disponible en tres tama\u00f1os<\/strong> y con cuatro acabados diferentes: plata, oro, transparente y gris. Con su dise\u00f1o pulido y <strong>octogonal<\/strong>Este cenicero combina <strong>elegancia<\/strong> e <strong>funcionalidad<\/strong>Se convertir\u00e1 en un verdadero punto de atracci\u00f3n en cualquier habitaci\u00f3n. Elija el acabado que mejor complemente su decoraci\u00f3n y disfrute de una pieza que combina estilo y practicidad. Ideal para salones, oficinas o zonas de ocio, el cenicero DAILY es el <strong>accesorio perfecto<\/strong> para los que aprecian los detalles.<\/p>","protected":false},"featured_media":4002,"comment_status":"open","ping_status":"closed","template":"","meta":{"_acf_changed":false},"product_brand":[],"product_cat":[73,74],"product_tag":[],"class_list":{"0":"post-4411","1":"product","2":"type-product","3":"status-publish","4":"has-post-thumbnail","6":"product_cat-decoracao","7":"product_cat-objectos-decorativos","9":"first","10":"instock","11":"taxable","12":"shipping-taxable","13":"purchasable","14":"product-type-simple"},"acf":[],"aioseo_notices":[],"_links":{"self":[{"href":"https:\/\/silenthome.com\/es\/wp-json\/wp\/v2\/product\/4411","targetHints":{"allow":["GET"]}}],"collection":[{"href":"https:\/\/silenthome.com\/es\/wp-json\/wp\/v2\/product"}],"about":[{"href":"https:\/\/silenthome.com\/es\/wp-json\/wp\/v2\/types\/product"}],"replies":[{"embeddable":true,"href":"https:\/\/silenthome.com\/es\/wp-json\/wp\/v2\/comments?post=4411"}],"wp:featuredmedia":[{"embeddable":true,"href":"https:\/\/silenthome.com\/es\/wp-json\/wp\/v2\/media\/4002"}],"wp:attachment":[{"href":"https:\/\/silenthome.com\/es\/wp-json\/wp\/v2\/media?parent=4411"}],"wp:term":[{"taxonomy":"product_brand","embeddable":true,"href":"https:\/\/silenthome.com\/es\/wp-json\/wp\/v2\/product_brand?post=4411"},{"taxonomy":"product_cat","embeddable":true,"href":"https:\/\/silenthome.com\/es\/wp-json\/wp\/v2\/product_cat?post=4411"},{"taxonomy":"product_tag","embeddable":true,"href":"https:\/\/silenthome.com\/es\/wp-json\/wp\/v2\/product_tag?post=4411"}],"curies":[{"name":"wp","href":"https:\/\/api.w.org\/{rel}","templated":true}]}}