{"id":4399,"date":"2024-10-15T13:09:49","date_gmt":"2024-10-15T12:09:49","guid":{"rendered":"https:\/\/silenthome.com\/produto\/arches-aparador-com-arcos-em-rattan\/"},"modified":"2026-04-01T23:22:18","modified_gmt":"2026-04-01T22:22:18","slug":"arches-aparador-com-arcos-em-rattan","status":"publish","type":"product","link":"https:\/\/silenthome.com\/es\/producto\/arches-aparador-com-arcos-em-rattan\/","title":{"rendered":"ARCOS, APARADOR CON ARCOS DE RAT\u00c1N"},"content":{"rendered":"","protected":false},"excerpt":{"rendered":"<p>El aparador ARCHES es la pieza perfecta para quien busca <strong>elegancia<\/strong> e <strong>practicidad<\/strong>. Fabricado en madera maciza, este aparador destaca por sus cuatro puertas arqueadas, adornadas con rat\u00e1n, que a\u00f1aden un toque extra de color.<strong> toque natural<\/strong> e <strong>sofisticado<\/strong> dise\u00f1o. Adem\u00e1s de su encantador aspecto, ARCHES ofrece un amplio espacio de almacenamiento, ideal para mantener tu espacio organizado. Vers\u00e1til y elegante, es una excelente opci\u00f3n para complementar la decoraci\u00f3n de cualquier sal\u00f3n, comedor o recibidor.<\/p>","protected":false},"featured_media":4162,"comment_status":"open","ping_status":"closed","template":"","meta":{"_acf_changed":false},"product_brand":[],"product_cat":[82,61],"product_tag":[],"class_list":{"0":"post-4399","1":"product","2":"type-product","3":"status-publish","4":"has-post-thumbnail","6":"product_cat-aparadores-e-armarios","7":"product_cat-mobiliario","9":"first","10":"outofstock","11":"taxable","12":"shipping-taxable","13":"purchasable","14":"product-type-simple"},"acf":[],"aioseo_notices":[],"_links":{"self":[{"href":"https:\/\/silenthome.com\/es\/wp-json\/wp\/v2\/product\/4399","targetHints":{"allow":["GET"]}}],"collection":[{"href":"https:\/\/silenthome.com\/es\/wp-json\/wp\/v2\/product"}],"about":[{"href":"https:\/\/silenthome.com\/es\/wp-json\/wp\/v2\/types\/product"}],"replies":[{"embeddable":true,"href":"https:\/\/silenthome.com\/es\/wp-json\/wp\/v2\/comments?post=4399"}],"wp:featuredmedia":[{"embeddable":true,"href":"https:\/\/silenthome.com\/es\/wp-json\/wp\/v2\/media\/4162"}],"wp:attachment":[{"href":"https:\/\/silenthome.com\/es\/wp-json\/wp\/v2\/media?parent=4399"}],"wp:term":[{"taxonomy":"product_brand","embeddable":true,"href":"https:\/\/silenthome.com\/es\/wp-json\/wp\/v2\/product_brand?post=4399"},{"taxonomy":"product_cat","embeddable":true,"href":"https:\/\/silenthome.com\/es\/wp-json\/wp\/v2\/product_cat?post=4399"},{"taxonomy":"product_tag","embeddable":true,"href":"https:\/\/silenthome.com\/es\/wp-json\/wp\/v2\/product_tag?post=4399"}],"curies":[{"name":"wp","href":"https:\/\/api.w.org\/{rel}","templated":true}]}}