{"id":4397,"date":"2024-10-15T13:09:45","date_gmt":"2024-10-15T12:09:45","guid":{"rendered":"https:\/\/silenthome.com\/produto\/influencer-aparador-vermelho-com-3-portas\/"},"modified":"2026-04-23T15:02:56","modified_gmt":"2026-04-23T14:02:56","slug":"influencer-aparador-vermelho-com-3-portas","status":"publish","type":"product","link":"https:\/\/silenthome.com\/es\/producto\/influencer-aparador-vermelho-com-3-portas\/","title":{"rendered":"INFLUENCER, APARADOR ROJO CON 3 PUERTAS"},"content":{"rendered":"","protected":false},"excerpt":{"rendered":"<p>El aparador INfluencer es una pieza destacada, ideal para <strong>entornos modernos<\/strong> e <strong>negrita<\/strong>. Con un llamativo dise\u00f1o geom\u00e9trico, sus puertas est\u00e1n adornadas con un patr\u00f3n tridimensional de c\u00edrculos en relieve que crea un <strong>impresionante textura visual<\/strong>. El acabado lacado en un vibrante rojo intenso transforma este aparador en un aut\u00e9ntico <strong>obra de arte funcional<\/strong>. Sus pies con detalles dorados a\u00f1aden un toque de <strong>sofisticaci\u00f3n<\/strong>lo que la convierte en la opci\u00f3n perfecta para quienes buscan <strong>innovaci\u00f3n<\/strong> e <strong>estilo<\/strong> en cada detalle.<\/p>","protected":false},"featured_media":4156,"comment_status":"open","ping_status":"closed","template":"","meta":{"_acf_changed":false},"product_brand":[],"product_cat":[82,61],"product_tag":[],"class_list":{"0":"post-4397","1":"product","2":"type-product","3":"status-publish","4":"has-post-thumbnail","6":"product_cat-aparadores-e-armarios","7":"product_cat-mobiliario","9":"first","10":"outofstock","11":"taxable","12":"shipping-taxable","13":"purchasable","14":"product-type-simple"},"acf":[],"aioseo_notices":[],"_links":{"self":[{"href":"https:\/\/silenthome.com\/es\/wp-json\/wp\/v2\/product\/4397","targetHints":{"allow":["GET"]}}],"collection":[{"href":"https:\/\/silenthome.com\/es\/wp-json\/wp\/v2\/product"}],"about":[{"href":"https:\/\/silenthome.com\/es\/wp-json\/wp\/v2\/types\/product"}],"replies":[{"embeddable":true,"href":"https:\/\/silenthome.com\/es\/wp-json\/wp\/v2\/comments?post=4397"}],"wp:featuredmedia":[{"embeddable":true,"href":"https:\/\/silenthome.com\/es\/wp-json\/wp\/v2\/media\/4156"}],"wp:attachment":[{"href":"https:\/\/silenthome.com\/es\/wp-json\/wp\/v2\/media?parent=4397"}],"wp:term":[{"taxonomy":"product_brand","embeddable":true,"href":"https:\/\/silenthome.com\/es\/wp-json\/wp\/v2\/product_brand?post=4397"},{"taxonomy":"product_cat","embeddable":true,"href":"https:\/\/silenthome.com\/es\/wp-json\/wp\/v2\/product_cat?post=4397"},{"taxonomy":"product_tag","embeddable":true,"href":"https:\/\/silenthome.com\/es\/wp-json\/wp\/v2\/product_tag?post=4397"}],"curies":[{"name":"wp","href":"https:\/\/api.w.org\/{rel}","templated":true}]}}