{"id":4395,"date":"2024-10-15T13:09:35","date_gmt":"2024-10-15T12:09:35","guid":{"rendered":"https:\/\/silenthome.com\/produto\/oscar-aparador-verde-com-arrumacao\/"},"modified":"2026-04-14T16:48:58","modified_gmt":"2026-04-14T15:48:58","slug":"oscar-aparador-verde-com-arrumacao","status":"publish","type":"product","link":"https:\/\/silenthome.com\/es\/producto\/oscar-aparador-verde-com-arrumacao\/","title":{"rendered":"OSCAR, APARADOR VERDE CON ALMACENAJE"},"content":{"rendered":"","protected":false},"excerpt":{"rendered":"<p>\u00a1Transforme su espacio con el aparador OSCAR en un vibrante lacado verde!<\/p>\n<p>Con unas dimensiones de 160x90x40cm, este aparador combina estilo y funcionalidad, ofreciendo un dise\u00f1o llamativo y contempor\u00e1neo. Sus cuatro puertas proporcionan un amplio espacio de almacenamiento, ideal para mantener su habitaci\u00f3n organizada y elegante.<\/p>\n<p>El acabado lacado en verde a\u00f1ade una dosis de color y sofisticaci\u00f3n, haciendo del aparador OSCAR la elecci\u00f3n perfecta para a\u00f1adir un toque moderno y atrevido a su sal\u00f3n, comedor o recibidor.<\/p>","protected":false},"featured_media":4150,"comment_status":"open","ping_status":"closed","template":"","meta":{"_acf_changed":false},"product_brand":[],"product_cat":[82,61],"product_tag":[],"class_list":{"0":"post-4395","1":"product","2":"type-product","3":"status-publish","4":"has-post-thumbnail","6":"product_cat-aparadores-e-armarios","7":"product_cat-mobiliario","9":"first","10":"instock","11":"taxable","12":"shipping-taxable","13":"purchasable","14":"product-type-simple"},"acf":[],"aioseo_notices":[],"_links":{"self":[{"href":"https:\/\/silenthome.com\/es\/wp-json\/wp\/v2\/product\/4395","targetHints":{"allow":["GET"]}}],"collection":[{"href":"https:\/\/silenthome.com\/es\/wp-json\/wp\/v2\/product"}],"about":[{"href":"https:\/\/silenthome.com\/es\/wp-json\/wp\/v2\/types\/product"}],"replies":[{"embeddable":true,"href":"https:\/\/silenthome.com\/es\/wp-json\/wp\/v2\/comments?post=4395"}],"wp:featuredmedia":[{"embeddable":true,"href":"https:\/\/silenthome.com\/es\/wp-json\/wp\/v2\/media\/4150"}],"wp:attachment":[{"href":"https:\/\/silenthome.com\/es\/wp-json\/wp\/v2\/media?parent=4395"}],"wp:term":[{"taxonomy":"product_brand","embeddable":true,"href":"https:\/\/silenthome.com\/es\/wp-json\/wp\/v2\/product_brand?post=4395"},{"taxonomy":"product_cat","embeddable":true,"href":"https:\/\/silenthome.com\/es\/wp-json\/wp\/v2\/product_cat?post=4395"},{"taxonomy":"product_tag","embeddable":true,"href":"https:\/\/silenthome.com\/es\/wp-json\/wp\/v2\/product_tag?post=4395"}],"curies":[{"name":"wp","href":"https:\/\/api.w.org\/{rel}","templated":true}]}}