{"id":4392,"date":"2024-10-15T13:09:28","date_gmt":"2024-10-15T12:09:28","guid":{"rendered":"https:\/\/silenthome.com\/produto\/infinity-petite-mesa-de-apoio-ou-centro-prateada\/"},"modified":"2026-02-01T10:34:41","modified_gmt":"2026-02-01T10:34:41","slug":"infinity-petite-mesa-de-apoio-ou-centro-prateada","status":"publish","type":"product","link":"https:\/\/silenthome.com\/es\/producto\/infinity-petite-mesa-de-apoio-ou-centro-prateada\/","title":{"rendered":"INFINITY PETITE, MESA DE CENTRO O AUXILIAR PLATEADA"},"content":{"rendered":"","protected":false},"excerpt":{"rendered":"<p>Eleva la decoraci\u00f3n de tu hogar con las mesas de centro y auxiliares INFINITY de metal plateado espejado.<\/p>\n<p>Estas impresionantes mesas cuentan con un <strong>forma irregular<\/strong> que a\u00f1ade un toque de <strong>modernidad y sofisticaci\u00f3n<\/strong> a su entorno. Con un acabado de espejo plateado, reflejan la luz de una manera <strong>elegante<\/strong>creando un aspecto impresionante y \u00fanico.<\/p>\n<p>Las mesas de centro y auxiliares INFINITY son la elecci\u00f3n perfecta para quienes buscan un elemento decorativo que complemente su sal\u00f3n o sirva de acento. <strong>contempor\u00e1neo y elegante<\/strong>.<\/p>","protected":false},"featured_media":4174,"comment_status":"open","ping_status":"closed","template":"","meta":{"_acf_changed":false},"product_brand":[],"product_cat":[62,61,164],"product_tag":[],"class_list":{"0":"post-4392","1":"product","2":"type-product","3":"status-publish","4":"has-post-thumbnail","6":"product_cat-mesas-de-centro-e-apoio","7":"product_cat-mobiliario","8":"product_cat-promocoes","10":"first","11":"outofstock","12":"taxable","13":"shipping-taxable","14":"purchasable","15":"product-type-simple"},"acf":[],"aioseo_notices":[],"_links":{"self":[{"href":"https:\/\/silenthome.com\/es\/wp-json\/wp\/v2\/product\/4392","targetHints":{"allow":["GET"]}}],"collection":[{"href":"https:\/\/silenthome.com\/es\/wp-json\/wp\/v2\/product"}],"about":[{"href":"https:\/\/silenthome.com\/es\/wp-json\/wp\/v2\/types\/product"}],"replies":[{"embeddable":true,"href":"https:\/\/silenthome.com\/es\/wp-json\/wp\/v2\/comments?post=4392"}],"wp:featuredmedia":[{"embeddable":true,"href":"https:\/\/silenthome.com\/es\/wp-json\/wp\/v2\/media\/4174"}],"wp:attachment":[{"href":"https:\/\/silenthome.com\/es\/wp-json\/wp\/v2\/media?parent=4392"}],"wp:term":[{"taxonomy":"product_brand","embeddable":true,"href":"https:\/\/silenthome.com\/es\/wp-json\/wp\/v2\/product_brand?post=4392"},{"taxonomy":"product_cat","embeddable":true,"href":"https:\/\/silenthome.com\/es\/wp-json\/wp\/v2\/product_cat?post=4392"},{"taxonomy":"product_tag","embeddable":true,"href":"https:\/\/silenthome.com\/es\/wp-json\/wp\/v2\/product_tag?post=4392"}],"curies":[{"name":"wp","href":"https:\/\/api.w.org\/{rel}","templated":true}]}}