{"id":4391,"date":"2024-10-15T13:09:26","date_gmt":"2024-10-15T12:09:26","guid":{"rendered":"https:\/\/silenthome.com\/produto\/soho-estante-de-livros-metalica-e-madeira\/"},"modified":"2025-05-30T12:22:21","modified_gmt":"2025-05-30T11:22:21","slug":"soho-estante-de-livros-metalica-e-madeira","status":"publish","type":"product","link":"https:\/\/silenthome.com\/es\/producto\/soho-estante-de-livros-metalica-e-madeira\/","title":{"rendered":"SOHO, LIBRER\u00cdA DE METAL Y MADERA"},"content":{"rendered":"","protected":false},"excerpt":{"rendered":"<p>Transforme su entorno con la librer\u00eda SOHO.<\/p>\n<p>Con un <strong>dise\u00f1o moderno y sofisticado<\/strong>Esta librer\u00eda combina <strong>robustez del metal<\/strong> con el <strong>elegancia<\/strong> madera natural, creando una pieza \u00fanica que realza cualquier espacio. Los estantes de madera ofrecen un contraste c\u00e1lido y acogedor, por lo que es perfecto para exponer sus libros, objetos decorativos o plantas favoritas.<\/p>\n<p>La librer\u00eda SOHO es la elecci\u00f3n ideal para quienes buscan combinar estilo y funcionalidad en su decoraci\u00f3n.<\/p>","protected":false},"featured_media":4143,"comment_status":"open","ping_status":"closed","template":"","meta":{"_acf_changed":false},"product_brand":[],"product_cat":[77,61],"product_tag":[],"class_list":{"0":"post-4391","1":"product","2":"type-product","3":"status-publish","4":"has-post-thumbnail","6":"product_cat-estantes","7":"product_cat-mobiliario","9":"first","10":"instock","11":"taxable","12":"shipping-taxable","13":"purchasable","14":"product-type-simple"},"acf":[],"aioseo_notices":[],"_links":{"self":[{"href":"https:\/\/silenthome.com\/es\/wp-json\/wp\/v2\/product\/4391","targetHints":{"allow":["GET"]}}],"collection":[{"href":"https:\/\/silenthome.com\/es\/wp-json\/wp\/v2\/product"}],"about":[{"href":"https:\/\/silenthome.com\/es\/wp-json\/wp\/v2\/types\/product"}],"replies":[{"embeddable":true,"href":"https:\/\/silenthome.com\/es\/wp-json\/wp\/v2\/comments?post=4391"}],"wp:featuredmedia":[{"embeddable":true,"href":"https:\/\/silenthome.com\/es\/wp-json\/wp\/v2\/media\/4143"}],"wp:attachment":[{"href":"https:\/\/silenthome.com\/es\/wp-json\/wp\/v2\/media?parent=4391"}],"wp:term":[{"taxonomy":"product_brand","embeddable":true,"href":"https:\/\/silenthome.com\/es\/wp-json\/wp\/v2\/product_brand?post=4391"},{"taxonomy":"product_cat","embeddable":true,"href":"https:\/\/silenthome.com\/es\/wp-json\/wp\/v2\/product_cat?post=4391"},{"taxonomy":"product_tag","embeddable":true,"href":"https:\/\/silenthome.com\/es\/wp-json\/wp\/v2\/product_tag?post=4391"}],"curies":[{"name":"wp","href":"https:\/\/api.w.org\/{rel}","templated":true}]}}