{"id":4390,"date":"2024-10-15T13:09:24","date_gmt":"2024-10-15T12:09:24","guid":{"rendered":"https:\/\/silenthome.com\/produto\/avenue-estante-prateada-com-prateleiras-em-vidro\/"},"modified":"2026-04-01T23:19:38","modified_gmt":"2026-04-01T22:19:38","slug":"avenue-estante-prateada-com-prateleiras-em-vidro","status":"publish","type":"product","link":"https:\/\/silenthome.com\/es\/producto\/avenue-estante-prateada-com-prateleiras-em-vidro\/","title":{"rendered":"AVENUE, LIBRER\u00cdA PLATEADA CON ESTANTES DE CRISTAL"},"content":{"rendered":"","protected":false},"excerpt":{"rendered":"<p>A\u00f1ade un toque de sofisticaci\u00f3n a tu habitaci\u00f3n con la librer\u00eda AVENUE, \u00a1disponible en dorado y plateado!<\/p>\n<p>Combinaci\u00f3n de <strong>elegancia<\/strong> del metal con el <strong>ligereza<\/strong> De cristal templado, esta estanter\u00eda es la elecci\u00f3n perfecta para exponer sus objetos de decoraci\u00f3n con estilo. Su <strong>dise\u00f1o moderno y refinado<\/strong> aporta un aire contempor\u00e1neo a cualquier espacio, mientras que las opciones de acabado en oro o plata le permiten elegir la que mejor se adapte a su entorno.<\/p>\n<p>La librer\u00eda AVENUE es m\u00e1s que un mueble; es una pieza destacada que transformar\u00e1 la decoraci\u00f3n de su hogar.<\/p>","protected":false},"featured_media":4140,"comment_status":"open","ping_status":"closed","template":"","meta":{"_acf_changed":false},"product_brand":[],"product_cat":[77,61],"product_tag":[],"class_list":{"0":"post-4390","1":"product","2":"type-product","3":"status-publish","4":"has-post-thumbnail","6":"product_cat-estantes","7":"product_cat-mobiliario","9":"first","10":"instock","11":"taxable","12":"shipping-taxable","13":"purchasable","14":"product-type-simple"},"acf":[],"aioseo_notices":[],"_links":{"self":[{"href":"https:\/\/silenthome.com\/es\/wp-json\/wp\/v2\/product\/4390","targetHints":{"allow":["GET"]}}],"collection":[{"href":"https:\/\/silenthome.com\/es\/wp-json\/wp\/v2\/product"}],"about":[{"href":"https:\/\/silenthome.com\/es\/wp-json\/wp\/v2\/types\/product"}],"replies":[{"embeddable":true,"href":"https:\/\/silenthome.com\/es\/wp-json\/wp\/v2\/comments?post=4390"}],"wp:featuredmedia":[{"embeddable":true,"href":"https:\/\/silenthome.com\/es\/wp-json\/wp\/v2\/media\/4140"}],"wp:attachment":[{"href":"https:\/\/silenthome.com\/es\/wp-json\/wp\/v2\/media?parent=4390"}],"wp:term":[{"taxonomy":"product_brand","embeddable":true,"href":"https:\/\/silenthome.com\/es\/wp-json\/wp\/v2\/product_brand?post=4390"},{"taxonomy":"product_cat","embeddable":true,"href":"https:\/\/silenthome.com\/es\/wp-json\/wp\/v2\/product_cat?post=4390"},{"taxonomy":"product_tag","embeddable":true,"href":"https:\/\/silenthome.com\/es\/wp-json\/wp\/v2\/product_tag?post=4390"}],"curies":[{"name":"wp","href":"https:\/\/api.w.org\/{rel}","templated":true}]}}