{"id":4388,"date":"2024-10-15T13:09:20","date_gmt":"2024-10-15T12:09:20","guid":{"rendered":"https:\/\/silenthome.com\/produto\/chelsea-estante-prateada-com-prateleiras-em-vidro\/"},"modified":"2026-04-01T23:19:36","modified_gmt":"2026-04-01T22:19:36","slug":"chelsea-estante-prateada-com-prateleiras-em-vidro","status":"publish","type":"product","link":"https:\/\/silenthome.com\/es\/producto\/chelsea-estante-prateada-com-prateleiras-em-vidro\/","title":{"rendered":"CHELSEA, LIBRERIA PLATEADA CON ESTANTES DE CRISTAL"},"content":{"rendered":"","protected":false},"excerpt":{"rendered":"<p>Revitalice su hogar con la librer\u00eda de metal y cristal Chelsea.<\/p>\n<p>O <strong>dise\u00f1o geom\u00e9trico<\/strong> Esta librer\u00eda ofrece varias opciones para <strong>organizaci\u00f3n<\/strong> que seguro le sorprender\u00e1n. Perfecta para exponer sus objetos o libros favoritos, esta librer\u00eda tambi\u00e9n puede utilizarse como separador para separar espacios de forma elegante. Deje atr\u00e1s los estilos tradicionales y apueste por el <strong>unicidad<\/strong> que ofrece esta librer\u00eda.<\/p>","protected":false},"featured_media":4134,"comment_status":"open","ping_status":"closed","template":"","meta":{"_acf_changed":false},"product_brand":[],"product_cat":[77,61],"product_tag":[],"class_list":{"0":"post-4388","1":"product","2":"type-product","3":"status-publish","4":"has-post-thumbnail","6":"product_cat-estantes","7":"product_cat-mobiliario","9":"first","10":"instock","11":"taxable","12":"shipping-taxable","13":"purchasable","14":"product-type-simple"},"acf":[],"aioseo_notices":[],"_links":{"self":[{"href":"https:\/\/silenthome.com\/es\/wp-json\/wp\/v2\/product\/4388","targetHints":{"allow":["GET"]}}],"collection":[{"href":"https:\/\/silenthome.com\/es\/wp-json\/wp\/v2\/product"}],"about":[{"href":"https:\/\/silenthome.com\/es\/wp-json\/wp\/v2\/types\/product"}],"replies":[{"embeddable":true,"href":"https:\/\/silenthome.com\/es\/wp-json\/wp\/v2\/comments?post=4388"}],"wp:featuredmedia":[{"embeddable":true,"href":"https:\/\/silenthome.com\/es\/wp-json\/wp\/v2\/media\/4134"}],"wp:attachment":[{"href":"https:\/\/silenthome.com\/es\/wp-json\/wp\/v2\/media?parent=4388"}],"wp:term":[{"taxonomy":"product_brand","embeddable":true,"href":"https:\/\/silenthome.com\/es\/wp-json\/wp\/v2\/product_brand?post=4388"},{"taxonomy":"product_cat","embeddable":true,"href":"https:\/\/silenthome.com\/es\/wp-json\/wp\/v2\/product_cat?post=4388"},{"taxonomy":"product_tag","embeddable":true,"href":"https:\/\/silenthome.com\/es\/wp-json\/wp\/v2\/product_tag?post=4388"}],"curies":[{"name":"wp","href":"https:\/\/api.w.org\/{rel}","templated":true}]}}