{"id":4377,"date":"2024-10-15T13:09:13","date_gmt":"2024-10-15T12:09:13","guid":{"rendered":"https:\/\/silenthome.com\/produto\/tabuleiro-quadrado-em-aco-inoxidavel\/"},"modified":"2025-05-28T14:17:09","modified_gmt":"2025-05-28T13:17:09","slug":"tabuleiro-quadrado-em-aco-inoxidavel","status":"publish","type":"product","link":"https:\/\/silenthome.com\/es\/producto\/tabuleiro-quadrado-em-aco-inoxidavel\/","title":{"rendered":"BANDEJA CUADRADA DE ACERO INOXIDABLE"},"content":{"rendered":"","protected":false},"excerpt":{"rendered":"<p>A\u00f1ada un toque de elegancia y funcionalidad a su decoraci\u00f3n con la bandeja cuadrada de acero inoxidable. Con sus dimensiones de 300\u00d7300 mm, <strong>esta bandeja ofrece una superficie vers\u00e1til para exponer objetos decorativos o servir con estilo.<\/strong> Fabricada en acero inoxidable plateado, esta bandeja combina durabilidad con un dise\u00f1o moderno y sofisticado, lo que la convierte en un refinado complemento para cualquier ambiente.<\/p>","protected":false},"featured_media":3991,"comment_status":"open","ping_status":"closed","template":"","meta":{"_acf_changed":false},"product_brand":[],"product_cat":[73,85],"product_tag":[],"class_list":{"0":"post-4377","1":"product","2":"type-product","3":"status-publish","4":"has-post-thumbnail","6":"product_cat-decoracao","7":"product_cat-tabuleiros","9":"first","10":"instock","11":"taxable","12":"shipping-taxable","13":"purchasable","14":"product-type-simple"},"acf":[],"aioseo_notices":[],"_links":{"self":[{"href":"https:\/\/silenthome.com\/es\/wp-json\/wp\/v2\/product\/4377","targetHints":{"allow":["GET"]}}],"collection":[{"href":"https:\/\/silenthome.com\/es\/wp-json\/wp\/v2\/product"}],"about":[{"href":"https:\/\/silenthome.com\/es\/wp-json\/wp\/v2\/types\/product"}],"replies":[{"embeddable":true,"href":"https:\/\/silenthome.com\/es\/wp-json\/wp\/v2\/comments?post=4377"}],"wp:featuredmedia":[{"embeddable":true,"href":"https:\/\/silenthome.com\/es\/wp-json\/wp\/v2\/media\/3991"}],"wp:attachment":[{"href":"https:\/\/silenthome.com\/es\/wp-json\/wp\/v2\/media?parent=4377"}],"wp:term":[{"taxonomy":"product_brand","embeddable":true,"href":"https:\/\/silenthome.com\/es\/wp-json\/wp\/v2\/product_brand?post=4377"},{"taxonomy":"product_cat","embeddable":true,"href":"https:\/\/silenthome.com\/es\/wp-json\/wp\/v2\/product_cat?post=4377"},{"taxonomy":"product_tag","embeddable":true,"href":"https:\/\/silenthome.com\/es\/wp-json\/wp\/v2\/product_tag?post=4377"}],"curies":[{"name":"wp","href":"https:\/\/api.w.org\/{rel}","templated":true}]}}