{"id":4369,"date":"2024-10-15T13:08:57","date_gmt":"2024-10-15T12:08:57","guid":{"rendered":"https:\/\/silenthome.com\/produto\/teddy-pouf-ovelha-bege\/"},"modified":"2026-05-04T15:22:54","modified_gmt":"2026-05-04T14:22:54","slug":"teddy-pouf-ovelha-bege","status":"publish","type":"product","link":"https:\/\/silenthome.com\/es\/producto\/teddy-pouf-ovelha-bege\/","title":{"rendered":"PUF PELUCHE OVEJA BEIGE"},"content":{"rendered":"","protected":false},"excerpt":{"rendered":"<p>El puf Teddy Sheep, en color beige, est\u00e1 fabricado con espuma y tejido boucl\u00e9. Ideal para dormitorios infantiles, hace que la habitaci\u00f3n sea m\u00e1s <strong>acogedor y armonioso<\/strong>. Su dise\u00f1o y estructura invitan a momentos de relax y juego en familia.<\/p>","protected":false},"featured_media":4215,"comment_status":"open","ping_status":"closed","template":"","meta":{"_acf_changed":false},"product_brand":[],"product_cat":[70,61],"product_tag":[],"class_list":{"0":"post-4369","1":"product","2":"type-product","3":"status-publish","4":"has-post-thumbnail","6":"product_cat-bancos","7":"product_cat-mobiliario","9":"first","10":"outofstock","11":"taxable","12":"shipping-taxable","13":"purchasable","14":"product-type-simple"},"acf":[],"aioseo_notices":[],"_links":{"self":[{"href":"https:\/\/silenthome.com\/es\/wp-json\/wp\/v2\/product\/4369","targetHints":{"allow":["GET"]}}],"collection":[{"href":"https:\/\/silenthome.com\/es\/wp-json\/wp\/v2\/product"}],"about":[{"href":"https:\/\/silenthome.com\/es\/wp-json\/wp\/v2\/types\/product"}],"replies":[{"embeddable":true,"href":"https:\/\/silenthome.com\/es\/wp-json\/wp\/v2\/comments?post=4369"}],"wp:featuredmedia":[{"embeddable":true,"href":"https:\/\/silenthome.com\/es\/wp-json\/wp\/v2\/media\/4215"}],"wp:attachment":[{"href":"https:\/\/silenthome.com\/es\/wp-json\/wp\/v2\/media?parent=4369"}],"wp:term":[{"taxonomy":"product_brand","embeddable":true,"href":"https:\/\/silenthome.com\/es\/wp-json\/wp\/v2\/product_brand?post=4369"},{"taxonomy":"product_cat","embeddable":true,"href":"https:\/\/silenthome.com\/es\/wp-json\/wp\/v2\/product_cat?post=4369"},{"taxonomy":"product_tag","embeddable":true,"href":"https:\/\/silenthome.com\/es\/wp-json\/wp\/v2\/product_tag?post=4369"}],"curies":[{"name":"wp","href":"https:\/\/api.w.org\/{rel}","templated":true}]}}