{"id":4360,"date":"2024-10-15T13:08:44","date_gmt":"2024-10-15T12:08:44","guid":{"rendered":"https:\/\/silenthome.com\/produto\/why-knot-poltrona-em-boucle-bege\/"},"modified":"2026-04-14T16:48:56","modified_gmt":"2026-04-14T15:48:56","slug":"why-knot-poltrona-em-boucle-bege","status":"publish","type":"product","link":"https:\/\/silenthome.com\/es\/producto\/why-knot-poltrona-em-boucle-bege\/","title":{"rendered":"SILL\u00d3N BOUCL\u00c9 BEIGE WHY KNOT"},"content":{"rendered":"","protected":false},"excerpt":{"rendered":"<p>A\u00f1ade un toque <strong>elegante<\/strong> e <strong>minimalista<\/strong> a tu hogar con este sill\u00f3n todo revestido en tela bloucl\u00e9 beige, con una estructura texturizada s\u00faper agradable al tacto y un dise\u00f1o especial que no pasar\u00e1 desapercibido para tus invitados. Por eso, es ideal para destacar ambientes y romper con la est\u00e9tica, ya que su <strong>versatilidad<\/strong> combina con cualquier tipo de decoraci\u00f3n, reforzando el <strong>sensaci\u00f3n de espacios acogedores<\/strong> sin perder estilo<\/p>","protected":false},"featured_media":4183,"comment_status":"open","ping_status":"closed","template":"","meta":{"_acf_changed":false},"product_brand":[],"product_cat":[61,69],"product_tag":[],"class_list":{"0":"post-4360","1":"product","2":"type-product","3":"status-publish","4":"has-post-thumbnail","6":"product_cat-mobiliario","7":"product_cat-poltronas","9":"first","10":"instock","11":"taxable","12":"shipping-taxable","13":"purchasable","14":"product-type-simple"},"acf":[],"aioseo_notices":[],"_links":{"self":[{"href":"https:\/\/silenthome.com\/es\/wp-json\/wp\/v2\/product\/4360","targetHints":{"allow":["GET"]}}],"collection":[{"href":"https:\/\/silenthome.com\/es\/wp-json\/wp\/v2\/product"}],"about":[{"href":"https:\/\/silenthome.com\/es\/wp-json\/wp\/v2\/types\/product"}],"replies":[{"embeddable":true,"href":"https:\/\/silenthome.com\/es\/wp-json\/wp\/v2\/comments?post=4360"}],"wp:featuredmedia":[{"embeddable":true,"href":"https:\/\/silenthome.com\/es\/wp-json\/wp\/v2\/media\/4183"}],"wp:attachment":[{"href":"https:\/\/silenthome.com\/es\/wp-json\/wp\/v2\/media?parent=4360"}],"wp:term":[{"taxonomy":"product_brand","embeddable":true,"href":"https:\/\/silenthome.com\/es\/wp-json\/wp\/v2\/product_brand?post=4360"},{"taxonomy":"product_cat","embeddable":true,"href":"https:\/\/silenthome.com\/es\/wp-json\/wp\/v2\/product_cat?post=4360"},{"taxonomy":"product_tag","embeddable":true,"href":"https:\/\/silenthome.com\/es\/wp-json\/wp\/v2\/product_tag?post=4360"}],"curies":[{"name":"wp","href":"https:\/\/api.w.org\/{rel}","templated":true}]}}