{"id":4323,"date":"2024-10-15T12:47:51","date_gmt":"2024-10-15T11:47:51","guid":{"rendered":"https:\/\/silenthome.com\/?post_type=product&#038;p=4323"},"modified":"2026-04-02T08:21:50","modified_gmt":"2026-04-02T07:21:50","slug":"chiado-tapete","status":"publish","type":"product","link":"https:\/\/silenthome.com\/es\/producto\/chiado-tapete\/","title":{"rendered":"GORRO, CINTA"},"content":{"rendered":"","protected":false},"excerpt":{"rendered":"<p>La alfombra Chiado est\u00e1 confeccionada con tejido jacquard en tonos topo. <strong>Disponible en tres tama\u00f1os, 160x230 cm, 240x340 cm y 300x400 cm, es la alfombra ideal para a\u00f1adir un toque de elegancia a su espacio.<\/strong><\/p>","protected":false},"featured_media":4248,"comment_status":"open","ping_status":"closed","template":"","meta":{"_acf_changed":false},"product_brand":[],"product_cat":[65,64],"product_tag":[],"class_list":{"0":"post-4323","1":"product","2":"type-product","3":"status-publish","4":"has-post-thumbnail","6":"product_cat-tapetes","7":"product_cat-texteis","9":"first","10":"outofstock","11":"taxable","12":"shipping-taxable","13":"purchasable","14":"product-type-variable"},"acf":[],"aioseo_notices":[],"_links":{"self":[{"href":"https:\/\/silenthome.com\/es\/wp-json\/wp\/v2\/product\/4323","targetHints":{"allow":["GET"]}}],"collection":[{"href":"https:\/\/silenthome.com\/es\/wp-json\/wp\/v2\/product"}],"about":[{"href":"https:\/\/silenthome.com\/es\/wp-json\/wp\/v2\/types\/product"}],"replies":[{"embeddable":true,"href":"https:\/\/silenthome.com\/es\/wp-json\/wp\/v2\/comments?post=4323"}],"wp:featuredmedia":[{"embeddable":true,"href":"https:\/\/silenthome.com\/es\/wp-json\/wp\/v2\/media\/4248"}],"wp:attachment":[{"href":"https:\/\/silenthome.com\/es\/wp-json\/wp\/v2\/media?parent=4323"}],"wp:term":[{"taxonomy":"product_brand","embeddable":true,"href":"https:\/\/silenthome.com\/es\/wp-json\/wp\/v2\/product_brand?post=4323"},{"taxonomy":"product_cat","embeddable":true,"href":"https:\/\/silenthome.com\/es\/wp-json\/wp\/v2\/product_cat?post=4323"},{"taxonomy":"product_tag","embeddable":true,"href":"https:\/\/silenthome.com\/es\/wp-json\/wp\/v2\/product_tag?post=4323"}],"curies":[{"name":"wp","href":"https:\/\/api.w.org\/{rel}","templated":true}]}}