{"id":4320,"date":"2024-10-15T12:47:50","date_gmt":"2024-10-15T11:47:50","guid":{"rendered":"https:\/\/silenthome.com\/?post_type=product&#038;p=4320"},"modified":"2026-04-02T08:19:13","modified_gmt":"2026-04-02T07:19:13","slug":"marais-tapete","status":"publish","type":"product","link":"https:\/\/silenthome.com\/es\/producto\/marais-tapete\/","title":{"rendered":"MARAIS, TAPETE"},"content":{"rendered":"","protected":false},"excerpt":{"rendered":"<p>La alfombra Marais, con su dise\u00f1o minimalista y sus colores neutros, es la elecci\u00f3n perfecta para a\u00f1adir un toque de elegancia a cualquier estancia de su hogar. <strong>Su dise\u00f1o minimalista se adapta f\u00e1cilmente a diferentes estilos de decoraci\u00f3n<\/strong>Su color neutro aporta serenidad y armon\u00eda al entorno.<strong> Disponible en tres tama\u00f1os 160x230cm, 240x340cm y 300x400cm.<\/strong><\/p>","protected":false},"featured_media":4235,"comment_status":"open","ping_status":"closed","template":"","meta":{"_acf_changed":false},"product_brand":[],"product_cat":[65,64],"product_tag":[],"class_list":{"0":"post-4320","1":"product","2":"type-product","3":"status-publish","4":"has-post-thumbnail","6":"product_cat-tapetes","7":"product_cat-texteis","9":"first","10":"instock","11":"taxable","12":"shipping-taxable","13":"purchasable","14":"product-type-variable"},"acf":[],"aioseo_notices":[],"_links":{"self":[{"href":"https:\/\/silenthome.com\/es\/wp-json\/wp\/v2\/product\/4320","targetHints":{"allow":["GET"]}}],"collection":[{"href":"https:\/\/silenthome.com\/es\/wp-json\/wp\/v2\/product"}],"about":[{"href":"https:\/\/silenthome.com\/es\/wp-json\/wp\/v2\/types\/product"}],"replies":[{"embeddable":true,"href":"https:\/\/silenthome.com\/es\/wp-json\/wp\/v2\/comments?post=4320"}],"wp:featuredmedia":[{"embeddable":true,"href":"https:\/\/silenthome.com\/es\/wp-json\/wp\/v2\/media\/4235"}],"wp:attachment":[{"href":"https:\/\/silenthome.com\/es\/wp-json\/wp\/v2\/media?parent=4320"}],"wp:term":[{"taxonomy":"product_brand","embeddable":true,"href":"https:\/\/silenthome.com\/es\/wp-json\/wp\/v2\/product_brand?post=4320"},{"taxonomy":"product_cat","embeddable":true,"href":"https:\/\/silenthome.com\/es\/wp-json\/wp\/v2\/product_cat?post=4320"},{"taxonomy":"product_tag","embeddable":true,"href":"https:\/\/silenthome.com\/es\/wp-json\/wp\/v2\/product_tag?post=4320"}],"curies":[{"name":"wp","href":"https:\/\/api.w.org\/{rel}","templated":true}]}}